{"id":349,"date":"2023-12-27T13:54:25","date_gmt":"2023-12-27T13:54:25","guid":{"rendered":"https:\/\/fireconnect.cat\/avis-legal\/"},"modified":"2023-12-28T07:59:15","modified_gmt":"2023-12-28T07:59:15","slug":"avis-legal","status":"publish","type":"page","link":"https:\/\/fireconnect.cat\/ca\/avis-legal\/","title":{"rendered":"Av\u00eds Legal"},"content":{"rendered":"\t\t<div data-elementor-type=\"wp-post\" data-elementor-id=\"349\" class=\"elementor elementor-349 elementor-178\" data-elementor-post-type=\"page\">\n\t\t\t\t<div class=\"elementor-element elementor-element-4f13b48 e-flex e-con-boxed e-con e-parent\" data-id=\"4f13b48\" data-element_type=\"container\" data-e-type=\"container\" data-settings=\"{&quot;background_background&quot;:&quot;classic&quot;}\">\n\t\t\t\t\t<div class=\"e-con-inner\">\n\t\t\t\t<div class=\"elementor-element elementor-element-d157941 elementor-widget elementor-widget-heading\" data-id=\"d157941\" data-element_type=\"widget\" data-e-type=\"widget\" data-widget_type=\"heading.default\">\n\t\t\t\t<div class=\"elementor-widget-container\">\n\t\t\t\t\t<h2 class=\"elementor-heading-title elementor-size-default\">Aviso legal<\/h2>\t\t\t\t<\/div>\n\t\t\t\t<\/div>\n\t\t\t\t<div class=\"elementor-element elementor-element-5a77a5c elementor-widget elementor-widget-text-editor\" data-id=\"5a77a5c\" data-element_type=\"widget\" data-e-type=\"widget\" data-widget_type=\"text-editor.default\">\n\t\t\t\t<div class=\"elementor-widget-container\">\n\t\t\t\t\t\t\t\t\tRecepci\u00f3n &amp; Control de Alarmas, S.L.\n\n\n\t\t\t\t\t\t\t\t<\/div>\n\t\t\t\t<\/div>\n\t\t\t\t\t<\/div>\n\t\t\t\t<\/div>\n\t\t<div class=\"elementor-element elementor-element-a65b294 e-flex e-con-boxed e-con e-parent\" data-id=\"a65b294\" data-element_type=\"container\" data-e-type=\"container\">\n\t\t\t\t\t<div class=\"e-con-inner\">\n\t\t<div class=\"elementor-element elementor-element-8183422 e-flex e-con-boxed e-con e-child\" data-id=\"8183422\" data-element_type=\"container\" data-e-type=\"container\">\n\t\t\t\t\t<div class=\"e-con-inner\">\n\t\t\t\t<div class=\"elementor-element elementor-element-19544cb elementor-widget elementor-widget-heading\" data-id=\"19544cb\" data-element_type=\"widget\" data-e-type=\"widget\" data-widget_type=\"heading.default\">\n\t\t\t\t<div class=\"elementor-widget-container\">\n\t\t\t\t\t<h2 class=\"elementor-heading-title elementor-size-default\">DADES IDENTIFICATIVES<\/h2>\t\t\t\t<\/div>\n\t\t\t\t<\/div>\n\t\t\t\t<div class=\"elementor-element elementor-element-7dd6f3f elementor-widget elementor-widget-text-editor\" data-id=\"7dd6f3f\" data-element_type=\"widget\" data-e-type=\"widget\" data-widget_type=\"text-editor.default\">\n\t\t\t\t<div class=\"elementor-widget-container\">\n\t\t\t\t\t\t\t\t\tEn compliment amb el deure d&#8217;informaci\u00f3 recollit en article 10 de la Llei 34\/2002, d&#8217;11 de juliol, de Serveis de la Societat de la Informaci\u00f3 i del Comer\u00e7 Electr\u00f2nic, a continuaci\u00f3 es reflecteixen les seg\u00fcents dades: l&#8217;empresa titular d&#8217;aquesta web \u00e9s RECEPCION I CONTROL D&#8217;ALARMES, SL, d&#8217;ara endavant EL TITULAR amb domicili en 08005-Barcelona, al carrer Zamora, 45-47 \u00c0tic 1a, i amb n\u00famero de C.I.F B60882537, degudament inscrita en el corresponent Registre Mercantil.\n\n\t\t\t\t\t\t\t\t<\/div>\n\t\t\t\t<\/div>\n\t\t\t\t\t<\/div>\n\t\t\t\t<\/div>\n\t\t<div class=\"elementor-element elementor-element-eccfe81 e-flex e-con-boxed e-con e-child\" data-id=\"eccfe81\" data-element_type=\"container\" data-e-type=\"container\">\n\t\t\t\t\t<div class=\"e-con-inner\">\n\t\t\t\t<div class=\"elementor-element elementor-element-032a40e elementor-widget elementor-widget-heading\" data-id=\"032a40e\" data-element_type=\"widget\" data-e-type=\"widget\" data-widget_type=\"heading.default\">\n\t\t\t\t<div class=\"elementor-widget-container\">\n\t\t\t\t\t<h2 class=\"elementor-heading-title elementor-size-default\">I \u2013 USUARIS:<\/h2>\t\t\t\t<\/div>\n\t\t\t\t<\/div>\n\t\t\t\t<div class=\"elementor-element elementor-element-5fc9ef6 elementor-widget elementor-widget-text-editor\" data-id=\"5fc9ef6\" data-element_type=\"widget\" data-e-type=\"widget\" data-widget_type=\"text-editor.default\">\n\t\t\t\t<div class=\"elementor-widget-container\">\n\t\t\t\t\t\t\t\t\tL&#8217;acc\u00e9s i\/o \u00fas d&#8217;aquest lloc web atribueix a qui el realitza la condici\u00f3 d&#8217;usuari, acceptant des d&#8217;aquest mateix moment, plenament i sense cap mena de reserva, les presents condicions generals, aix\u00ed com les condicions particulars que, si cap, complementin, modifiquin o substitueixin les condicions generals en relaci\u00f3 amb determinats serveis i continguts del lloc web.\n\n\t\t\t\t\t\t\t\t<\/div>\n\t\t\t\t<\/div>\n\t\t\t\t\t<\/div>\n\t\t\t\t<\/div>\n\t\t<div class=\"elementor-element elementor-element-684e654 e-flex e-con-boxed e-con e-child\" data-id=\"684e654\" data-element_type=\"container\" data-e-type=\"container\">\n\t\t\t\t\t<div class=\"e-con-inner\">\n\t\t\t\t<div class=\"elementor-element elementor-element-66799cb elementor-widget elementor-widget-heading\" data-id=\"66799cb\" data-element_type=\"widget\" data-e-type=\"widget\" data-widget_type=\"heading.default\">\n\t\t\t\t<div class=\"elementor-widget-container\">\n\t\t\t\t\t<h2 class=\"elementor-heading-title elementor-size-default\">II \u2013 \u00daS DEL LLOC WEB, ELS MEUS SERVEIS I CONTINGUTS:\n<\/h2>\t\t\t\t<\/div>\n\t\t\t\t<\/div>\n\t\t\t\t<div class=\"elementor-element elementor-element-dbe773a elementor-widget elementor-widget-text-editor\" data-id=\"dbe773a\" data-element_type=\"widget\" data-e-type=\"widget\" data-widget_type=\"text-editor.default\">\n\t\t\t\t<div class=\"elementor-widget-container\">\n\t\t\t\t\t\t\t\t\t<p>L&#8217;usuari es compromet a utilitzar aquest lloc web i els seus serveis i continguts sense contradir la legislaci\u00f3 vigent, la bona fe, els usos generalment acceptats i l&#8217;ordre p\u00fablic. Aix\u00ed mateix, queda prohibit, l&#8217;\u00fas del Web amb finalitats il\u00b7l\u00edcites o lesives contra EL TITULAR o qualsevol tercer; o que, de qualsevol forma, puguin causar perjudici o impedir el normal funcionament del lloc web.<\/p>\n<p>Respecte dels continguts (informacions, textos, gr\u00e0fics, arxius de so i\/o d&#8217;imatge, fotografies, dissenys, etc.), es prohibeix:<\/p>\n<p>La seva reproducci\u00f3, distribuci\u00f3 o modificaci\u00f3, tret que es tingui autoritzaci\u00f3 dels seus leg\u00edtims titulars o resulti legalment perm\u00e8s.<\/p>\n<p>Qualsevol vulneraci\u00f3 dels drets del TITULAR o dels seus leg\u00edtims titulars sobre aquests.<\/p>\n<p>El seu \u00fas per a tota mena de fins comercials o publicitaris, diferents dels estrictament permesos.<\/p>\n<p>Qualsevol intent d&#8217;obtenir els continguts del lloc web per qualsevol mitj\u00e0 diferent del que es posin a la disposici\u00f3 dels usuaris aix\u00ed com dels quals habitualment s&#8217;utilitzin n la xarxa, sempre que aquests no causin perjudici al lloc web del TITULAR<\/p>\t\t\t\t\t\t\t\t<\/div>\n\t\t\t\t<\/div>\n\t\t\t\t\t<\/div>\n\t\t\t\t<\/div>\n\t\t<div class=\"elementor-element elementor-element-d032fd2 e-flex e-con-boxed e-con e-child\" data-id=\"d032fd2\" data-element_type=\"container\" data-e-type=\"container\">\n\t\t\t\t\t<div class=\"e-con-inner\">\n\t\t\t\t<div class=\"elementor-element elementor-element-a3ee83d elementor-widget elementor-widget-heading\" data-id=\"a3ee83d\" data-element_type=\"widget\" data-e-type=\"widget\" data-widget_type=\"heading.default\">\n\t\t\t\t<div class=\"elementor-widget-container\">\n\t\t\t\t\t<h2 class=\"elementor-heading-title elementor-size-default\">III \u2013 MODIFICACI\u00d3 UNILATERAL:\n<\/h2>\t\t\t\t<\/div>\n\t\t\t\t<\/div>\n\t\t\t\t<div class=\"elementor-element elementor-element-cbcfaf7 elementor-widget elementor-widget-text-editor\" data-id=\"cbcfaf7\" data-element_type=\"widget\" data-e-type=\"widget\" data-widget_type=\"text-editor.default\">\n\t\t\t\t<div class=\"elementor-widget-container\">\n\t\t\t\t\t\t\t\t\tEL TITULAR podr\u00e0 modificar unilateralment i sense previ av\u00eds, sempre que ho consideri oport\u00fa, l&#8217;estructura i disseny del lloc web, aix\u00ed com modificar o eliminar els serveis, continguts i condicions d&#8217;acc\u00e9s i\/o \u00fas del lloc web.\n\n\t\t\t\t\t\t\t\t<\/div>\n\t\t\t\t<\/div>\n\t\t\t\t\t<\/div>\n\t\t\t\t<\/div>\n\t\t<div class=\"elementor-element elementor-element-89c6729 e-flex e-con-boxed e-con e-child\" data-id=\"89c6729\" data-element_type=\"container\" data-e-type=\"container\">\n\t\t\t\t\t<div class=\"e-con-inner\">\n\t\t\t\t<div class=\"elementor-element elementor-element-b742986 elementor-widget elementor-widget-heading\" data-id=\"b742986\" data-element_type=\"widget\" data-e-type=\"widget\" data-widget_type=\"heading.default\">\n\t\t\t\t<div class=\"elementor-widget-container\">\n\t\t\t\t\t<h2 class=\"elementor-heading-title elementor-size-default\">IV \u2013 ENLLA\u00c7OS:\n<\/h2>\t\t\t\t<\/div>\n\t\t\t\t<\/div>\n\t\t\t\t<div class=\"elementor-element elementor-element-b84f950 elementor-widget elementor-widget-text-editor\" data-id=\"b84f950\" data-element_type=\"widget\" data-e-type=\"widget\" data-widget_type=\"text-editor.default\">\n\t\t\t\t<div class=\"elementor-widget-container\">\n\t\t\t\t\t\t\t\t\t<p>L&#8217;establiment de qualsevol \u2018enlla\u00e7\u2019 entre una p\u00e0gina web i qualsevol de les p\u00e0gines web del lloc web del TITULAR estar\u00e0 sotm\u00e8s a les seg\u00fcents condicions:<\/p>\n<p>No es permet la reproducci\u00f3 ni total ni parcial de cap dels serveis ni continguts del lloc web del TITULAR.<\/p>\n<p>Qualsevol vulneraci\u00f3 dels drets del TITULAR o dels seus leg\u00edtims titulars sobre aquests.<\/p>\n<p>La p\u00e0gina web de la qual s&#8217;estableixi l&#8217;enlla\u00e7 no contindr\u00e0 cap marca, nom comercial, r\u00e8tol d&#8217;establiment, denominaci\u00f3, logotip, esl\u00f2gan o altres signes distintius pertanyent al TITULAR.<\/p>\n<p>Sota cap circumst\u00e0ncia, EL TITULAR ser\u00e0 responsable dels continguts o serveis posats a la disposici\u00f3 del p\u00fablic en la p\u00e0gina web des de la qual es realitzi el \u2018enlla\u00e7\u2019, ni de les informacions i manifestacions incloses en aquestes.<\/p>\t\t\t\t\t\t\t\t<\/div>\n\t\t\t\t<\/div>\n\t\t\t\t\t<\/div>\n\t\t\t\t<\/div>\n\t\t<div class=\"elementor-element elementor-element-2c1a2b3 e-flex e-con-boxed e-con e-child\" data-id=\"2c1a2b3\" data-element_type=\"container\" data-e-type=\"container\">\n\t\t\t\t\t<div class=\"e-con-inner\">\n\t\t\t\t<div class=\"elementor-element elementor-element-e235a58 elementor-widget elementor-widget-heading\" data-id=\"e235a58\" data-element_type=\"widget\" data-e-type=\"widget\" data-widget_type=\"heading.default\">\n\t\t\t\t<div class=\"elementor-widget-container\">\n\t\t\t\t\t<h2 class=\"elementor-heading-title elementor-size-default\">V \u2013 EXCLUSI\u00d3 DE GARANTIES I RESPONSABILITATS:\n<\/h2>\t\t\t\t<\/div>\n\t\t\t\t<\/div>\n\t\t\t\t<div class=\"elementor-element elementor-element-78e5416 elementor-widget elementor-widget-text-editor\" data-id=\"78e5416\" data-element_type=\"widget\" data-e-type=\"widget\" data-widget_type=\"text-editor.default\">\n\t\t\t\t<div class=\"elementor-widget-container\">\n\t\t\t\t\t\t\t\t\t<p>EL TITULAR no atorga cap garantia ni es fa responsable, en cap cas, dels danys i perjudicis de qualsevol naturalesa que poguessin ser causa de:<\/p>\n<p>La falta de disponibilitat, manteniment i efectiu funcionament del Web i\/o dels seus serveis o continguts.<\/p>\n<p>La falta d&#8217;utilitat, adequaci\u00f3 o validesa del lloc web i\/o dels seus serveis o continguts per a satisfer necessitats, activitats o resultats concrets o expectatives dels usuaris.<\/p>\n<p>L&#8217;exist\u00e8ncia de virus, programes maliciosos o lesius en els continguts.<\/p>\n<p>La recepci\u00f3, obtenci\u00f3, emmagatzematge, difusi\u00f3 o transmissi\u00f3, per part dels usuaris, dels continguts.<\/p>\n<p>L&#8217;\u00fas il\u00b7l\u00edcit, negligent, fraudulent, contrari a les presents Condicions Generals, a la bona fe, als usos generalment acceptats o a l&#8217;ordre p\u00fablic, del lloc web, dels seus serveis o continguts, per part dels usuaris.<\/p>\n<p>La falta de licitud, qualitat, fiabilitat, utilitat i disponibilitat dels serveis presentats per tercers i llocs que estiguin a la disposici\u00f3 dels usuaris en el lloc web.<\/p>\n<p>L&#8217;incompliment per part de tercers de les seves respectives obligacions o compromisos en relaci\u00f3 amb els serveis prestats als usuaris a trav\u00e9s del lloc web.<\/p>\t\t\t\t\t\t\t\t<\/div>\n\t\t\t\t<\/div>\n\t\t\t\t\t<\/div>\n\t\t\t\t<\/div>\n\t\t<div class=\"elementor-element elementor-element-62de3d1 e-flex e-con-boxed e-con e-child\" data-id=\"62de3d1\" data-element_type=\"container\" data-e-type=\"container\">\n\t\t\t\t\t<div class=\"e-con-inner\">\n\t\t\t\t<div class=\"elementor-element elementor-element-2ba2b3b elementor-widget elementor-widget-heading\" data-id=\"2ba2b3b\" data-element_type=\"widget\" data-e-type=\"widget\" data-widget_type=\"heading.default\">\n\t\t\t\t<div class=\"elementor-widget-container\">\n\t\t\t\t\t<h2 class=\"elementor-heading-title elementor-size-default\">VI \u2013 DURADA:\n<\/h2>\t\t\t\t<\/div>\n\t\t\t\t<\/div>\n\t\t\t\t<div class=\"elementor-element elementor-element-c462c71 elementor-widget elementor-widget-text-editor\" data-id=\"c462c71\" data-element_type=\"widget\" data-e-type=\"widget\" data-widget_type=\"text-editor.default\">\n\t\t\t\t<div class=\"elementor-widget-container\">\n\t\t\t\t\t\t\t\t\tLa durada de la prestaci\u00f3 del servei del lloc web i dels serveis que es prestin \u00e9s de car\u00e0cter indefinit. Sense perjudici de l&#8217;anterior, EL TITULAR es reserva el dret d&#8217;interrompre, suspendre o acabar la prestaci\u00f3 del servei del Web o de qualsevol dels serveis que l&#8217;integrin, en els mateixos termes que es recullen en la condici\u00f3 tercera.\n\n\t\t\t\t\t\t\t\t<\/div>\n\t\t\t\t<\/div>\n\t\t\t\t\t<\/div>\n\t\t\t\t<\/div>\n\t\t<div class=\"elementor-element elementor-element-e4ef00b e-flex e-con-boxed e-con e-child\" data-id=\"e4ef00b\" data-element_type=\"container\" data-e-type=\"container\">\n\t\t\t\t\t<div class=\"e-con-inner\">\n\t\t\t\t<div class=\"elementor-element elementor-element-0a2d332 elementor-widget elementor-widget-heading\" data-id=\"0a2d332\" data-element_type=\"widget\" data-e-type=\"widget\" data-widget_type=\"heading.default\">\n\t\t\t\t<div class=\"elementor-widget-container\">\n\t\t\t\t\t<h2 class=\"elementor-heading-title elementor-size-default\">VII \u2013 PROPIETAT INTEL\u00b7LECTUAL:\n<\/h2>\t\t\t\t<\/div>\n\t\t\t\t<\/div>\n\t\t\t\t<div class=\"elementor-element elementor-element-693af90 elementor-widget elementor-widget-text-editor\" data-id=\"693af90\" data-element_type=\"widget\" data-e-type=\"widget\" data-widget_type=\"text-editor.default\">\n\t\t\t\t<div class=\"elementor-widget-container\">\n\t\t\t\t\t\t\t\t\t<p>A aquest efecte de preservar els possibles drets de propietat intel\u00b7lectual, en el cas de qualsevol usuari o un tercer considere que ha produ\u00eft una violaci\u00f3 dels seus leg\u00edtims drets per a la introducci\u00f3 d&#8217;un determinat contingut en el Web, haur\u00e0 de notificar aquesta circumst\u00e0ncia al TITULAR indicant:<\/p>\n<p>Dades personals de l&#8217;interessat titular dels drets presumptament infringits. Si la reclamaci\u00f3 la presenta un tercer diferent de l&#8217;interessat, haur\u00e0 d&#8217;indicar la representaci\u00f3 amb la qual actua.<\/p>\n<p>Indicaci\u00f3 dels continguts protegits pels drets de propietat intel\u00b7lectual i la seua ubicaci\u00f3 en el Web.<\/p>\n<p>Acreditaci\u00f3 dels citats drets de propietat intel\u00b7lectual.<\/p>\n<p>Declaraci\u00f3 expressa en la qual l&#8217;interessat es responsabilitza de la veracitat de les informacions facilitades en la notificaci\u00f3.<\/p>\n<p>La marca EL TITULAR i les corresponents marques gr\u00e0fiques s\u00f3n totes elles marques registrades i queda prohibida la seua reproducci\u00f3 o \u00fas sense l&#8217;autoritzaci\u00f3 del seu titular. La legitimitat dels drets de propietat intel\u00b7lectual o industrial corresponents als continguts aportats per tercers \u00e9s de l&#8217;exclusiva responsabilitat d&#8217;aquests.<\/p>\t\t\t\t\t\t\t\t<\/div>\n\t\t\t\t<\/div>\n\t\t\t\t\t<\/div>\n\t\t\t\t<\/div>\n\t\t<div class=\"elementor-element elementor-element-31bca71 e-flex e-con-boxed e-con e-child\" data-id=\"31bca71\" data-element_type=\"container\" data-e-type=\"container\">\n\t\t\t\t\t<div class=\"e-con-inner\">\n\t\t\t\t<div class=\"elementor-element elementor-element-be89ccb elementor-widget elementor-widget-heading\" data-id=\"be89ccb\" data-element_type=\"widget\" data-e-type=\"widget\" data-widget_type=\"heading.default\">\n\t\t\t\t<div class=\"elementor-widget-container\">\n\t\t\t\t\t<h2 class=\"elementor-heading-title elementor-size-default\">VIII \u2013 LEGISLACI\u00d3 APLICABLE I JURISDICCI\u00d3:\n<\/h2>\t\t\t\t<\/div>\n\t\t\t\t<\/div>\n\t\t\t\t<div class=\"elementor-element elementor-element-e2a04ad elementor-widget elementor-widget-text-editor\" data-id=\"e2a04ad\" data-element_type=\"widget\" data-e-type=\"widget\" data-widget_type=\"text-editor.default\">\n\t\t\t\t<div class=\"elementor-widget-container\">\n\t\t\t\t\t\t\t\t\t<p>Les presents Condicions Generals es regiran per la legislaci\u00f3 espanyola i europea vigents.<\/p>\n<p>EL TITULAR i l&#8217;usuari, amb ren\u00fancia expressa a qualsevol altre acte que poguera correspondre-li, se sotmeten a la Jurisdicci\u00f3 dels Jutjats i Tribunals del domicili de l&#8217;usuari per a quantes q\u00fcestions pogueren suscitar-se o accions exercitar-se derivades de la prestaci\u00f3 del servei del Web i dels seus serveis i continguts i sobre la interpretaci\u00f3, aplicaci\u00f3, compliment o incompliment de tot aix\u00f2 que ac\u00ed s&#8217;estableix. En el cas que l&#8217;Usuari tinga el seu domicili fora d&#8217;Espanya, EL TITULAR i l&#8217;Usuari, amb ren\u00fancia expressa a qualsevol altre acte que poguera correspondre-li, se sotmeten a la Jurisdicci\u00f3 dels Jutjats i Tribunals de Barcelona.<\/p>\t\t\t\t\t\t\t\t<\/div>\n\t\t\t\t<\/div>\n\t\t\t\t\t<\/div>\n\t\t\t\t<\/div>\n\t\t\t\t\t<\/div>\n\t\t\t\t<\/div>\n\t\t\t\t<\/div>\n\t\t","protected":false},"excerpt":{"rendered":"<p>Aviso legal Recepci\u00f3n &amp; Control de Alarmas, S.L. DADES IDENTIFICATIVES En compliment amb el deure d&#8217;informaci\u00f3 recollit en article 10 de la Llei 34\/2002, d&#8217;11 de juliol, de Serveis de la Societat de la Informaci\u00f3 i del Comer\u00e7 Electr\u00f2nic, a continuaci\u00f3 es reflecteixen les seg\u00fcents dades: l&#8217;empresa titular d&#8217;aquesta web \u00e9s RECEPCION I CONTROL D&#8217;ALARMES, [&hellip;]<\/p>\n","protected":false},"author":1,"featured_media":0,"parent":0,"menu_order":0,"comment_status":"closed","ping_status":"closed","template":"","meta":{"site-sidebar-layout":"no-sidebar","site-content-layout":"","ast-site-content-layout":"default","site-content-style":"default","site-sidebar-style":"default","ast-global-header-display":"","ast-banner-title-visibility":"","ast-main-header-display":"","ast-hfb-above-header-display":"","ast-hfb-below-header-display":"","ast-hfb-mobile-header-display":"","site-post-title":"disabled","ast-breadcrumbs-content":"","ast-featured-img":"disabled","footer-sml-layout":"","ast-disable-related-posts":"","theme-transparent-header-meta":"","adv-header-id-meta":"","stick-header-meta":"","header-above-stick-meta":"","header-main-stick-meta":"","header-below-stick-meta":"","astra-migrate-meta-layouts":"default","ast-page-background-enabled":"default","ast-page-background-meta":{"desktop":{"background-color":"var(--ast-global-color-4)","background-image":"","background-repeat":"repeat","background-position":"center center","background-size":"auto","background-attachment":"scroll","background-type":"","background-media":"","overlay-type":"","overlay-color":"","overlay-opacity":"","overlay-gradient":""},"tablet":{"background-color":"","background-image":"","background-repeat":"repeat","background-position":"center center","background-size":"auto","background-attachment":"scroll","background-type":"","background-media":"","overlay-type":"","overlay-color":"","overlay-opacity":"","overlay-gradient":""},"mobile":{"background-color":"","background-image":"","background-repeat":"repeat","background-position":"center center","background-size":"auto","background-attachment":"scroll","background-type":"","background-media":"","overlay-type":"","overlay-color":"","overlay-opacity":"","overlay-gradient":""}},"ast-content-background-meta":{"desktop":{"background-color":"var(--ast-global-color-5)","background-image":"","background-repeat":"repeat","background-position":"center center","background-size":"auto","background-attachment":"scroll","background-type":"","background-media":"","overlay-type":"","overlay-color":"","overlay-opacity":"","overlay-gradient":""},"tablet":{"background-color":"var(--ast-global-color-5)","background-image":"","background-repeat":"repeat","background-position":"center center","background-size":"auto","background-attachment":"scroll","background-type":"","background-media":"","overlay-type":"","overlay-color":"","overlay-opacity":"","overlay-gradient":""},"mobile":{"background-color":"var(--ast-global-color-5)","background-image":"","background-repeat":"repeat","background-position":"center center","background-size":"auto","background-attachment":"scroll","background-type":"","background-media":"","overlay-type":"","overlay-color":"","overlay-opacity":"","overlay-gradient":""}},"footnotes":""},"class_list":["post-349","page","type-page","status-publish","hentry"],"_links":{"self":[{"href":"https:\/\/fireconnect.cat\/ca\/wp-json\/wp\/v2\/pages\/349","targetHints":{"allow":["GET"]}}],"collection":[{"href":"https:\/\/fireconnect.cat\/ca\/wp-json\/wp\/v2\/pages"}],"about":[{"href":"https:\/\/fireconnect.cat\/ca\/wp-json\/wp\/v2\/types\/page"}],"author":[{"embeddable":true,"href":"https:\/\/fireconnect.cat\/ca\/wp-json\/wp\/v2\/users\/1"}],"replies":[{"embeddable":true,"href":"https:\/\/fireconnect.cat\/ca\/wp-json\/wp\/v2\/comments?post=349"}],"version-history":[{"count":1,"href":"https:\/\/fireconnect.cat\/ca\/wp-json\/wp\/v2\/pages\/349\/revisions"}],"predecessor-version":[{"id":350,"href":"https:\/\/fireconnect.cat\/ca\/wp-json\/wp\/v2\/pages\/349\/revisions\/350"}],"wp:attachment":[{"href":"https:\/\/fireconnect.cat\/ca\/wp-json\/wp\/v2\/media?parent=349"}],"curies":[{"name":"wp","href":"https:\/\/api.w.org\/{rel}","templated":true}]}}