{"id":358,"date":"2023-12-27T09:11:42","date_gmt":"2023-12-27T09:11:42","guid":{"rendered":"https:\/\/fireconnect.cat\/serveis\/"},"modified":"2025-10-06T15:29:44","modified_gmt":"2025-10-06T15:29:44","slug":"serveis","status":"publish","type":"page","link":"https:\/\/fireconnect.cat\/ca\/serveis\/","title":{"rendered":"Serveis"},"content":{"rendered":"\t\t<div data-elementor-type=\"wp-post\" data-elementor-id=\"358\" class=\"elementor elementor-358 elementor-20\" data-elementor-post-type=\"page\">\n\t\t\t\t<div class=\"elementor-element elementor-element-975243e e-flex e-con-boxed e-con e-parent\" data-id=\"975243e\" data-element_type=\"container\" data-e-type=\"container\" data-settings=\"{&quot;background_background&quot;:&quot;classic&quot;}\">\n\t\t\t\t\t<div class=\"e-con-inner\">\n\t\t\t\t<div class=\"elementor-element elementor-element-18c6245 elementor-widget elementor-widget-heading\" data-id=\"18c6245\" data-element_type=\"widget\" data-e-type=\"widget\" data-widget_type=\"heading.default\">\n\t\t\t\t<div class=\"elementor-widget-container\">\n\t\t\t\t\t<h2 class=\"elementor-heading-title elementor-size-default\">Servei FIRE&amp;CONNECT\n<\/h2>\t\t\t\t<\/div>\n\t\t\t\t<\/div>\n\t\t\t\t<div class=\"elementor-element elementor-element-f39c97a elementor-widget elementor-widget-text-editor\" data-id=\"f39c97a\" data-element_type=\"widget\" data-e-type=\"widget\" data-widget_type=\"text-editor.default\">\n\t\t\t\t<div class=\"elementor-widget-container\">\n\t\t\t\t\t\t\t\t\t<p>FIRE&amp;CONNECT \u00e9s un servei dissenyat per a aportar l&#8217;experi\u00e8ncia de m\u00e9s de 30 anys de gesti\u00f3 d&#8217;alarmes d&#8217;intrusi\u00f3 als sistemes de PCI.<\/p><p>Gestionem els senyals d&#8217;alarma i t\u00e8cniques que transmeten els sistemes de PCI instal\u00b7lats i mantinguts per empreses instal\u00b7ladores i mantenidores de PCI de tota Espanya.<\/p><p>En els incendis, no sols es posa en risc els danys materials. En els incendis, no sols \u00e9s posa en risc els danys materials.<\/p>\t\t\t\t\t\t\t\t<\/div>\n\t\t\t\t<\/div>\n\t\t\t\t\t<\/div>\n\t\t\t\t<\/div>\n\t\t<div class=\"elementor-element elementor-element-e1e1763 e-flex e-con-boxed e-con e-parent\" data-id=\"e1e1763\" data-element_type=\"container\" data-e-type=\"container\">\n\t\t\t\t\t<div class=\"e-con-inner\">\n\t\t\t\t<div class=\"elementor-element elementor-element-68e88ed elementor-widget elementor-widget-heading\" data-id=\"68e88ed\" data-element_type=\"widget\" data-e-type=\"widget\" data-widget_type=\"heading.default\">\n\t\t\t\t<div class=\"elementor-widget-container\">\n\t\t\t\t\t<h2 class=\"elementor-heading-title elementor-size-default\">Qu\u00e8 aporta FIRE&amp;CONNECT?<\/h2>\t\t\t\t<\/div>\n\t\t\t\t<\/div>\n\t\t\t\t<div class=\"elementor-element elementor-element-2ebe5ef elementor-widget elementor-widget-text-editor\" data-id=\"2ebe5ef\" data-element_type=\"widget\" data-e-type=\"widget\" data-widget_type=\"text-editor.default\">\n\t\t\t\t<div class=\"elementor-widget-container\">\n\t\t\t\t\t\t\t\t\t<p>Di\u00e0riament s\u00f3n molts els edificis de p\u00fablica concurr\u00e8ncia on es fa imprescindible la supervisi\u00f3 del correcte funcionament del sistema de detecci\u00f3 d&#8217;incendis:<\/p><p>Hospitals, Organismes Oficials, Escoles, Resid\u00e8ncies de la 3a Edat, CPDs, Centres Comercials, Ind\u00fastries Oficines, Comer\u00e7os Hotels\u2026<\/p>\t\t\t\t\t\t\t\t<\/div>\n\t\t\t\t<\/div>\n\t\t\t\t<div class=\"elementor-element elementor-element-92e4539 elementor-widget elementor-widget-image\" data-id=\"92e4539\" data-element_type=\"widget\" data-e-type=\"widget\" data-widget_type=\"image.default\">\n\t\t\t\t<div class=\"elementor-widget-container\">\n\t\t\t\t\t\t\t\t\t\t\t\t\t\t\t<img fetchpriority=\"high\" decoding=\"async\" width=\"1024\" height=\"848\" src=\"https:\/\/fireconnect.cat\/wp-content\/uploads\/2023\/12\/10002-1024x848.jpg\" class=\"attachment-large size-large wp-image-339\" alt=\"\" srcset=\"https:\/\/fireconnect.cat\/wp-content\/uploads\/2023\/12\/10002-1024x848.jpg 1024w, https:\/\/fireconnect.cat\/wp-content\/uploads\/2023\/12\/10002-300x249.jpg 300w, https:\/\/fireconnect.cat\/wp-content\/uploads\/2023\/12\/10002-768x636.jpg 768w, https:\/\/fireconnect.cat\/wp-content\/uploads\/2023\/12\/10002.jpg 1091w\" sizes=\"(max-width: 1024px) 100vw, 1024px\" \/>\t\t\t\t\t\t\t\t\t\t\t\t\t\t\t<\/div>\n\t\t\t\t<\/div>\n\t\t<div class=\"elementor-element elementor-element-994d0ec e-flex e-con-boxed e-con e-child\" data-id=\"994d0ec\" data-element_type=\"container\" data-e-type=\"container\">\n\t\t\t\t\t<div class=\"e-con-inner\">\n\t\t<div class=\"elementor-element elementor-element-2532306 e-flex e-con-boxed e-con e-child\" data-id=\"2532306\" data-element_type=\"container\" data-e-type=\"container\">\n\t\t\t\t\t<div class=\"e-con-inner\">\n\t\t\t\t<div class=\"elementor-element elementor-element-a0d69eb elementor-widget elementor-widget-heading\" data-id=\"a0d69eb\" data-element_type=\"widget\" data-e-type=\"widget\" data-widget_type=\"heading.default\">\n\t\t\t\t<div class=\"elementor-widget-container\">\n\t\t\t\t\t<h2 class=\"elementor-heading-title elementor-size-default\">EXPERI\u00c8NCIA I PRO-ACTIVITAT\n\n<\/h2>\t\t\t\t<\/div>\n\t\t\t\t<\/div>\n\t\t\t\t<div class=\"elementor-element elementor-element-3d76513 elementor-widget elementor-widget-text-editor\" data-id=\"3d76513\" data-element_type=\"widget\" data-e-type=\"widget\" data-widget_type=\"text-editor.default\">\n\t\t\t\t<div class=\"elementor-widget-container\">\n\t\t\t\t\t\t\t\t\t<ul>\n \t<li>M\u00e9s de 30 anys en gesti\u00f3 d&#8217;alarmes ens avalen.<\/li>\n \t<li>Comunicaci\u00f3 amb el mantenidor<\/li>\n \t<li>Supervisi\u00f3 del sistema 24\/7\n<ul>\n \t<li>Alimentaci\u00f3<\/li>\n \t<li>Bateria<\/li>\n \t<li>Comunicacions<\/li>\n \t<li>Averias<\/li>\n<\/ul>\n<\/li>\n<\/ul>\t\t\t\t\t\t\t\t<\/div>\n\t\t\t\t<\/div>\n\t\t\t\t\t<\/div>\n\t\t\t\t<\/div>\n\t\t<div class=\"elementor-element elementor-element-37a7c9f e-flex e-con-boxed e-con e-child\" data-id=\"37a7c9f\" data-element_type=\"container\" data-e-type=\"container\">\n\t\t\t\t\t<div class=\"e-con-inner\">\n\t\t\t\t<div class=\"elementor-element elementor-element-4aac4c0 elementor-widget elementor-widget-heading\" data-id=\"4aac4c0\" data-element_type=\"widget\" data-e-type=\"widget\" data-widget_type=\"heading.default\">\n\t\t\t\t<div class=\"elementor-widget-container\">\n\t\t\t\t\t<h2 class=\"elementor-heading-title elementor-size-default\">EFIC\u00c0CIA:\n\n<\/h2>\t\t\t\t<\/div>\n\t\t\t\t<\/div>\n\t\t\t\t<div class=\"elementor-element elementor-element-c66dc05 elementor-widget elementor-widget-text-editor\" data-id=\"c66dc05\" data-element_type=\"widget\" data-e-type=\"widget\" data-widget_type=\"text-editor.default\">\n\t\t\t\t<div class=\"elementor-widget-container\">\n\t\t\t\t\t\t\t\t\t<ul><li>Servei permanent 24\/7 gestionat per operadors degudament formats en sistemes de PCI.<\/li><li>Externizaci\u00f3n de les alarmes detectades<\/li><li>Tra\u00e7abilitat del foc<\/li><li>Verificaci\u00f3 per imatge (si disposa d&#8217;equips)<\/li><li>Comunicaci\u00f3 dels senyals a Emerg\u00e8ncies 112, reportant tota la informaci\u00f3 rebuda, tipus de local, caracter\u00edstiques i activitat, riscos adjacents, altura, etc, perqu\u00e8 els Bombers puguen dimensionar els recursos.<\/li><\/ul>\t\t\t\t\t\t\t\t<\/div>\n\t\t\t\t<\/div>\n\t\t\t\t\t<\/div>\n\t\t\t\t<\/div>\n\t\t\t\t\t<\/div>\n\t\t\t\t<\/div>\n\t\t\t\t\t<\/div>\n\t\t\t\t<\/div>\n\t\t<div class=\"elementor-element elementor-element-ba7afb1 e-flex e-con-boxed e-con e-parent\" data-id=\"ba7afb1\" data-element_type=\"container\" data-e-type=\"container\" data-settings=\"{&quot;background_background&quot;:&quot;classic&quot;}\">\n\t\t\t\t\t<div class=\"e-con-inner\">\n\t\t<div class=\"elementor-element elementor-element-458f084 e-flex e-con-boxed e-con e-child\" data-id=\"458f084\" data-element_type=\"container\" data-e-type=\"container\">\n\t\t\t\t\t<div class=\"e-con-inner\">\n\t\t<div class=\"elementor-element elementor-element-ebe67e2 e-flex e-con-boxed e-con e-child\" data-id=\"ebe67e2\" data-element_type=\"container\" data-e-type=\"container\">\n\t\t\t\t\t<div class=\"e-con-inner\">\n\t\t\t\t<div class=\"elementor-element elementor-element-0f17174 elementor-widget elementor-widget-heading\" data-id=\"0f17174\" data-element_type=\"widget\" data-e-type=\"widget\" data-widget_type=\"heading.default\">\n\t\t\t\t<div class=\"elementor-widget-container\">\n\t\t\t\t\t<h2 class=\"elementor-heading-title elementor-size-default\">Contacta'ns!<\/h2>\t\t\t\t<\/div>\n\t\t\t\t<\/div>\n\t\t\t\t<div class=\"elementor-element elementor-element-7182392 elementor-widget elementor-widget-text-editor\" data-id=\"7182392\" data-element_type=\"widget\" data-e-type=\"widget\" data-widget_type=\"text-editor.default\">\n\t\t\t\t<div class=\"elementor-widget-container\">\n\t\t\t\t\t\t\t\t\tNecessites ajuda? Contacta&#8217;ns i estarem encantats d&#8217;ajudar-te amb el que necessites.\t\t\t\t\t\t\t\t<\/div>\n\t\t\t\t<\/div>\n\t\t\t\t<div class=\"elementor-element elementor-element-8095116 eael-contact-form-7-button-align-left eael-contact-form-7-button-custom elementor-widget elementor-widget-eael-contact-form-7\" data-id=\"8095116\" data-element_type=\"widget\" data-e-type=\"widget\" data-widget_type=\"eael-contact-form-7.default\">\n\t\t\t\t<div class=\"elementor-widget-container\">\n\t\t\t\t\t<div class=\"eael-contact-form-7-wrapper\">\n                <div class=\"eael-contact-form eael-contact-form-7 eael-contact-form-8095116 placeholder-show eael-contact-form-align-default\">\n<div class=\"wpcf7 no-js\" id=\"wpcf7-f371-o1\" lang=\"CA\" dir=\"ltr\" data-wpcf7-id=\"371\">\n<div class=\"screen-reader-response\"><p role=\"status\" aria-live=\"polite\" aria-atomic=\"true\"><\/p> <ul><\/ul><\/div>\n<form action=\"\/ca\/wp-json\/wp\/v2\/pages\/358#wpcf7-f371-o1\" method=\"post\" class=\"wpcf7-form init\" aria-label=\"Contact form\" novalidate=\"novalidate\" data-status=\"init\">\n<fieldset class=\"hidden-fields-container\"><input type=\"hidden\" name=\"_wpcf7\" value=\"371\" \/><input type=\"hidden\" name=\"_wpcf7_version\" value=\"6.1.5\" \/><input type=\"hidden\" name=\"_wpcf7_locale\" value=\"\" \/><input type=\"hidden\" name=\"_wpcf7_unit_tag\" value=\"wpcf7-f371-o1\" \/><input type=\"hidden\" name=\"_wpcf7_container_post\" value=\"0\" \/><input type=\"hidden\" name=\"_wpcf7_posted_data_hash\" value=\"\" \/><input type=\"hidden\" name=\"_wpcf7_recaptcha_response\" value=\"\" \/>\n<\/fieldset>\n<p><label class=\"formText\"> Nom *<br \/>\n<span class=\"wpcf7-form-control-wrap\" data-name=\"your-name\"><input size=\"40\" maxlength=\"400\" class=\"wpcf7-form-control wpcf7-text wpcf7-validates-as-required\" autocomplete=\"name\" aria-required=\"true\" aria-invalid=\"false\" value=\"\" type=\"text\" name=\"your-name\" \/><\/span> <\/label>\n<\/p>\n<p><label class=\"formText\"> Email *<br \/>\n<span class=\"wpcf7-form-control-wrap\" data-name=\"your-email\"><input size=\"40\" maxlength=\"400\" class=\"wpcf7-form-control wpcf7-email wpcf7-validates-as-required wpcf7-text wpcf7-validates-as-email\" autocomplete=\"email\" aria-required=\"true\" aria-invalid=\"false\" value=\"\" type=\"email\" name=\"your-email\" \/><\/span> <\/label>\n<\/p>\n<p><label class=\"formText\"> Empresa *<br \/>\n<span class=\"wpcf7-form-control-wrap\" data-name=\"your-empresa\"><input size=\"40\" maxlength=\"400\" class=\"wpcf7-form-control wpcf7-text wpcf7-validates-as-required\" aria-required=\"true\" aria-invalid=\"false\" value=\"\" type=\"text\" name=\"your-empresa\" \/><\/span> <\/label>\n<\/p>\n<p><label class=\"formText\"> Tel\u00e8fon *<br \/>\n<span class=\"wpcf7-form-control-wrap\" data-name=\"tel-50\"><input size=\"40\" maxlength=\"400\" class=\"wpcf7-form-control wpcf7-tel wpcf7-validates-as-required wpcf7-text wpcf7-validates-as-tel\" aria-required=\"true\" aria-invalid=\"false\" value=\"\" type=\"tel\" name=\"tel-50\" \/><\/span> <\/label>\n<\/p>\n<p><label class=\"formText\"> Com et podem ajudar? *<br \/>\n<span class=\"wpcf7-form-control-wrap\" data-name=\"your-message\"><textarea cols=\"40\" rows=\"10\" maxlength=\"2000\" class=\"wpcf7-form-control wpcf7-textarea\" aria-invalid=\"false\" name=\"your-message\"><\/textarea><\/span> <\/label>\n<\/p>\n<p><span class=\"wpcf7-form-control-wrap\" data-name=\"acceptance-515\"><span class=\"wpcf7-form-control wpcf7-acceptance\"><span class=\"wpcf7-list-item\"><label><input type=\"checkbox\" name=\"acceptance-515\" value=\"1\" aria-invalid=\"false\" \/><span class=\"wpcf7-list-item-label\"><span class=\"aceptacion\">He llegit i acepto la <\/span> <a href=\"\/ca\/politica-de-privacitat\/\" target=\"_blank\">Pol\u00edtica de Privacitat<\/a>.<\/span><\/label><\/span><\/span><\/span>\n<\/p>\n<p><input class=\"wpcf7-form-control wpcf7-submit has-spinner\" type=\"submit\" value=\"\u00a1Enviar missatge!\" \/>\n<\/p><div class=\"wpcf7-response-output\" aria-hidden=\"true\"><\/div>\n<\/form>\n<\/div>\n<\/div>\n            <\/div>\t\t\t\t<\/div>\n\t\t\t\t<\/div>\n\t\t\t\t\t<\/div>\n\t\t\t\t<\/div>\n\t\t<div class=\"elementor-element elementor-element-6fec017 e-flex e-con-boxed e-con e-child\" data-id=\"6fec017\" data-element_type=\"container\" data-e-type=\"container\" data-settings=\"{&quot;background_background&quot;:&quot;classic&quot;}\">\n\t\t\t\t\t<div class=\"e-con-inner\">\n\t\t\t\t\t<\/div>\n\t\t\t\t<\/div>\n\t\t\t\t\t<\/div>\n\t\t\t\t<\/div>\n\t\t\t\t\t<\/div>\n\t\t\t\t<\/div>\n\t\t\t\t<\/div>\n\t\t","protected":false},"excerpt":{"rendered":"<p>Servei FIRE&amp;CONNECT FIRE&amp;CONNECT \u00e9s un servei dissenyat per a aportar l&#8217;experi\u00e8ncia de m\u00e9s de 30 anys de gesti\u00f3 d&#8217;alarmes d&#8217;intrusi\u00f3 als sistemes de PCI. Gestionem els senyals d&#8217;alarma i t\u00e8cniques que transmeten els sistemes de PCI instal\u00b7lats i mantinguts per empreses instal\u00b7ladores i mantenidores de PCI de tota Espanya. En els incendis, no sols es [&hellip;]<\/p>\n","protected":false},"author":1,"featured_media":0,"parent":0,"menu_order":0,"comment_status":"closed","ping_status":"closed","template":"","meta":{"site-sidebar-layout":"no-sidebar","site-content-layout":"","ast-site-content-layout":"full-width-container","site-content-style":"default","site-sidebar-style":"default","ast-global-header-display":"","ast-banner-title-visibility":"","ast-main-header-display":"","ast-hfb-above-header-display":"","ast-hfb-below-header-display":"","ast-hfb-mobile-header-display":"","site-post-title":"disabled","ast-breadcrumbs-content":"","ast-featured-img":"disabled","footer-sml-layout":"","ast-disable-related-posts":"","theme-transparent-header-meta":"","adv-header-id-meta":"","stick-header-meta":"","header-above-stick-meta":"","header-main-stick-meta":"","header-below-stick-meta":"","astra-migrate-meta-layouts":"default","ast-page-background-enabled":"default","ast-page-background-meta":{"desktop":{"background-color":"var(--ast-global-color-4)","background-image":"","background-repeat":"repeat","background-position":"center center","background-size":"auto","background-attachment":"scroll","background-type":"","background-media":"","overlay-type":"","overlay-color":"","overlay-opacity":"","overlay-gradient":""},"tablet":{"background-color":"","background-image":"","background-repeat":"repeat","background-position":"center center","background-size":"auto","background-attachment":"scroll","background-type":"","background-media":"","overlay-type":"","overlay-color":"","overlay-opacity":"","overlay-gradient":""},"mobile":{"background-color":"","background-image":"","background-repeat":"repeat","background-position":"center center","background-size":"auto","background-attachment":"scroll","background-type":"","background-media":"","overlay-type":"","overlay-color":"","overlay-opacity":"","overlay-gradient":""}},"ast-content-background-meta":{"desktop":{"background-color":"var(--ast-global-color-5)","background-image":"","background-repeat":"repeat","background-position":"center center","background-size":"auto","background-attachment":"scroll","background-type":"","background-media":"","overlay-type":"","overlay-color":"","overlay-opacity":"","overlay-gradient":""},"tablet":{"background-color":"var(--ast-global-color-5)","background-image":"","background-repeat":"repeat","background-position":"center center","background-size":"auto","background-attachment":"scroll","background-type":"","background-media":"","overlay-type":"","overlay-color":"","overlay-opacity":"","overlay-gradient":""},"mobile":{"background-color":"var(--ast-global-color-5)","background-image":"","background-repeat":"repeat","background-position":"center center","background-size":"auto","background-attachment":"scroll","background-type":"","background-media":"","overlay-type":"","overlay-color":"","overlay-opacity":"","overlay-gradient":""}},"footnotes":""},"class_list":["post-358","page","type-page","status-publish","hentry"],"_links":{"self":[{"href":"https:\/\/fireconnect.cat\/ca\/wp-json\/wp\/v2\/pages\/358","targetHints":{"allow":["GET"]}}],"collection":[{"href":"https:\/\/fireconnect.cat\/ca\/wp-json\/wp\/v2\/pages"}],"about":[{"href":"https:\/\/fireconnect.cat\/ca\/wp-json\/wp\/v2\/types\/page"}],"author":[{"embeddable":true,"href":"https:\/\/fireconnect.cat\/ca\/wp-json\/wp\/v2\/users\/1"}],"replies":[{"embeddable":true,"href":"https:\/\/fireconnect.cat\/ca\/wp-json\/wp\/v2\/comments?post=358"}],"version-history":[{"count":7,"href":"https:\/\/fireconnect.cat\/ca\/wp-json\/wp\/v2\/pages\/358\/revisions"}],"predecessor-version":[{"id":649,"href":"https:\/\/fireconnect.cat\/ca\/wp-json\/wp\/v2\/pages\/358\/revisions\/649"}],"wp:attachment":[{"href":"https:\/\/fireconnect.cat\/ca\/wp-json\/wp\/v2\/media?parent=358"}],"curies":[{"name":"wp","href":"https:\/\/api.w.org\/{rel}","templated":true}]}}