{"id":360,"date":"2023-12-27T14:34:17","date_gmt":"2023-12-27T14:34:17","guid":{"rendered":"https:\/\/fireconnect.cat\/politica-de-qualitat-seguretat\/"},"modified":"2023-12-28T08:20:56","modified_gmt":"2023-12-28T08:20:56","slug":"politica-de-qualitat-seguretat","status":"publish","type":"page","link":"https:\/\/fireconnect.cat\/ca\/politica-de-qualitat-seguretat\/","title":{"rendered":"Pol\u00edtica de qualitat-seguretat"},"content":{"rendered":"\t\t<div data-elementor-type=\"wp-post\" data-elementor-id=\"360\" class=\"elementor elementor-360 elementor-204\" data-elementor-post-type=\"page\">\n\t\t\t\t<div class=\"elementor-element elementor-element-4f13b48 e-flex e-con-boxed e-con e-parent\" data-id=\"4f13b48\" data-element_type=\"container\" data-e-type=\"container\" data-settings=\"{&quot;background_background&quot;:&quot;classic&quot;}\">\n\t\t\t\t\t<div class=\"e-con-inner\">\n\t\t\t\t<div class=\"elementor-element elementor-element-d157941 elementor-widget elementor-widget-heading\" data-id=\"d157941\" data-element_type=\"widget\" data-e-type=\"widget\" data-widget_type=\"heading.default\">\n\t\t\t\t<div class=\"elementor-widget-container\">\n\t\t\t\t\t<h2 class=\"elementor-heading-title elementor-size-default\">Pol\u00edtica de qualitat-seguretat\n<\/h2>\t\t\t\t<\/div>\n\t\t\t\t<\/div>\n\t\t\t\t<div class=\"elementor-element elementor-element-5a77a5c elementor-widget elementor-widget-text-editor\" data-id=\"5a77a5c\" data-element_type=\"widget\" data-e-type=\"widget\" data-widget_type=\"text-editor.default\">\n\t\t\t\t<div class=\"elementor-widget-container\">\n\t\t\t\t\t\t\t\t\tRecepci\u00f3n &amp; Control de Alarmas, S.L.\n\n\t\t\t\t\t\t\t\t<\/div>\n\t\t\t\t<\/div>\n\t\t\t\t\t<\/div>\n\t\t\t\t<\/div>\n\t\t<div class=\"elementor-element elementor-element-a65b294 e-flex e-con-boxed e-con e-parent\" data-id=\"a65b294\" data-element_type=\"container\" data-e-type=\"container\">\n\t\t\t\t\t<div class=\"e-con-inner\">\n\t\t<div class=\"elementor-element elementor-element-8183422 e-flex e-con-boxed e-con e-child\" data-id=\"8183422\" data-element_type=\"container\" data-e-type=\"container\">\n\t\t\t\t\t<div class=\"e-con-inner\">\n\t\t\t\t<div class=\"elementor-element elementor-element-7dd6f3f elementor-widget elementor-widget-text-editor\" data-id=\"7dd6f3f\" data-element_type=\"widget\" data-e-type=\"widget\" data-widget_type=\"text-editor.default\">\n\t\t\t\t<div class=\"elementor-widget-container\">\n\t\t\t\t\t\t\t\t\t<p>POL\u00cdTICA DE QUALITAT-SEGURETAT DE LA INFORMACI\u00d3 DE L&#8217;EMPRESA<\/p>\n<p>\u201cPRESTAR EL MILLOR SERVEI PER A ACONSEGUIR LA SATISFACCI\u00d3 DELS NOSTRES CLIENTS\u201d<\/p>\n<p>Recepcion i Control d&#8217;Alarmes, S.L., \u00e9s una empresa de seguretat, que presta el servei Recepci\u00f3, Verificaci\u00f3 i Gesti\u00f3 de Senyals d&#8217;Alarma Rebudes d&#8217;Intrusi\u00f3 i Incendi.<\/p>\n<p>Per a aconseguir la satisfacci\u00f3 i el compliment de les expectatives dels nostres clients, aix\u00ed com garantir-los la seguretat sobre la informaci\u00f3 que tractem, assumim els seg\u00fcents compromisos:<\/p>\n<p>Definici\u00f3 correcta i precisa dels procediments a seguir.<br \/>Definici\u00f3 correcta de les responsabilitats, funcions i relacions entre tota la plantilla.<br \/>An\u00e0lisi i correcci\u00f3 de les possibles desviacions detectades.<br \/>La realitzaci\u00f3 d&#8217;an\u00e0lisi de riscos que contemplen els processos, les persones i qualsevol altre actiu de la informaci\u00f3.<br \/>Assegurar el compliment de tots els requisits legals aplicables.<br \/>Assegurar la confidencialitat, integritat i disponibilitat de la Informaci\u00f3 en tot moment.<br \/>Informar les empreses instal\u00b7ladores sobre possibles canvis normatius, nous serveis i solucions.<br \/>Afavorir la conscienciaci\u00f3 i formaci\u00f3 en seguretat de la informaci\u00f3 als nostres treballadors i col\u00b7laboradors.<br \/>Considerar i valorar els requisits de totes les parts intervinents en el servei per a garantir la continu\u00eftat de l&#8217;empresa.<br \/>Disposar de mecanismes de Continu\u00eftat de Negoci i de Continu\u00eftat de la informaci\u00f3.<br \/>Millora cont\u00ednua, innovaci\u00f3 i cerca de noves tecnologies que contribu\u00efsquen a gestionar de forma apropiada la qualitat i seguretat de la informaci\u00f3 del nostre servei.<br \/>Protecci\u00f3 de la informaci\u00f3 facilitada pels nostres clients, com a condici\u00f3 indispensable per a previndre qualsevol risc.<br \/>Assegurar un ambient de treball segur i lliure de conflictes.<\/p>\n<p>Els requisits que el Sistema de Gesti\u00f3 de Qualitat i Seguretat de la informaci\u00f3 estableix per a totes les \u00e0rees de l&#8217;empresa es recullen en els procediments i pol\u00edtiques en carpeta directori responsable SIG i en carpeta habilitada per al personal d&#8217;aquella documentaci\u00f3 d&#8217;inter\u00e9s general. Igual que la documentaci\u00f3 que d&#8217;ells es deriva i que formen un Sistema de Gesti\u00f3 Integrat en les normes de la Qualitat basat en la norma UNE-EN-ISO 9001\/2015, aix\u00ed com de Seguretat de la Informaci\u00f3 basat en la norma UNE-EN-ISO 27001\/2022, es trobar\u00e0 en carpeta directori responsable SIG.<\/p>\n<p>Per al compliment d&#8217;aquesta Pol\u00edtica, \u00e9s imprescindible la col\u00b7laboraci\u00f3 de tot el personal de l&#8217;empresa, que ha de con\u00e9ixer-la, entendre-la i aplicar-la per a la prestaci\u00f3 del servei als clients, mitjan\u00e7ant un constant esfor\u00e7 de millora cont\u00ednua.<\/p>\n<p>L&#8217;empresa posa a la disposici\u00f3 de totes les parts interessades aquesta Pol\u00edtica de Qualitat i Seguretat de la Informaci\u00f3 perqu\u00e8 en prengueu coneixement.<\/p>\n\t\t\t\t\t\t\t\t<\/div>\n\t\t\t\t<\/div>\n\t\t\t\t<div class=\"elementor-element elementor-element-363a040 elementor-view-stacked elementor-position-inline-start elementor-mobile-position-inline-start elementor-shape-circle elementor-widget elementor-widget-icon-box\" data-id=\"363a040\" data-element_type=\"widget\" data-e-type=\"widget\" data-widget_type=\"icon-box.default\">\n\t\t\t\t<div class=\"elementor-widget-container\">\n\t\t\t\t\t\t\t<div class=\"elementor-icon-box-wrapper\">\n\n\t\t\t\t\t\t<div class=\"elementor-icon-box-icon\">\n\t\t\t\t<span  class=\"elementor-icon\">\n\t\t\t\t<svg aria-hidden=\"true\" class=\"e-font-icon-svg e-fas-file-pdf\" viewBox=\"0 0 384 512\" xmlns=\"http:\/\/www.w3.org\/2000\/svg\"><path d=\"M181.9 256.1c-5-16-4.9-46.9-2-46.9 8.4 0 7.6 36.9 2 46.9zm-1.7 47.2c-7.7 20.2-17.3 43.3-28.4 62.7 18.3-7 39-17.2 62.9-21.9-12.7-9.6-24.9-23.4-34.5-40.8zM86.1 428.1c0 .8 13.2-5.4 34.9-40.2-6.7 6.3-29.1 24.5-34.9 40.2zM248 160h136v328c0 13.3-10.7 24-24 24H24c-13.3 0-24-10.7-24-24V24C0 10.7 10.7 0 24 0h200v136c0 13.2 10.8 24 24 24zm-8 171.8c-20-12.2-33.3-29-42.7-53.8 4.5-18.5 11.6-46.6 6.2-64.2-4.7-29.4-42.4-26.5-47.8-6.8-5 18.3-.4 44.1 8.1 77-11.6 27.6-28.7 64.6-40.8 85.8-.1 0-.1.1-.2.1-27.1 13.9-73.6 44.5-54.5 68 5.6 6.9 16 10 21.5 10 17.9 0 35.7-18 61.1-61.8 25.8-8.5 54.1-19.1 79-23.2 21.7 11.8 47.1 19.5 64 19.5 29.2 0 31.2-32 19.7-43.4-13.9-13.6-54.3-9.7-73.6-7.2zM377 105L279 7c-4.5-4.5-10.6-7-17-7h-6v128h128v-6.1c0-6.3-2.5-12.4-7-16.9zm-74.1 255.3c4.1-2.7-2.5-11.9-42.8-9 37.1 15.8 42.8 9 42.8 9z\"><\/path><\/svg>\t\t\t\t<\/span>\n\t\t\t<\/div>\n\t\t\t\n\t\t\t\t\t\t<div class=\"elementor-icon-box-content\">\n\n\t\t\t\t\n\t\t\t\t\t\t\t\t\t<p class=\"elementor-icon-box-description\">\n\t\t\t\t\t\t<a href=\"https:\/\/fireconnect.cat\/wp-content\/uploads\/2023\/06\/POLITICA-DE-CALIDAD.pdf\">DOCUMENT DE POL\u00cdTICA DE QUALITAT I SI<\/a>\t\t\t\t\t<\/p>\n\t\t\t\t\n\t\t\t<\/div>\n\t\t\t\n\t\t<\/div>\n\t\t\t\t\t\t<\/div>\n\t\t\t\t<\/div>\n\t\t\t\t\t<\/div>\n\t\t\t\t<\/div>\n\t\t\t\t\t<\/div>\n\t\t\t\t<\/div>\n\t\t\t\t<\/div>\n\t\t","protected":false},"excerpt":{"rendered":"<p>Pol\u00edtica de qualitat-seguretat Recepci\u00f3n &amp; Control de Alarmas, S.L. POL\u00cdTICA DE QUALITAT-SEGURETAT DE LA INFORMACI\u00d3 DE L&#8217;EMPRESA \u201cPRESTAR EL MILLOR SERVEI PER A ACONSEGUIR LA SATISFACCI\u00d3 DELS NOSTRES CLIENTS\u201d Recepcion i Control d&#8217;Alarmes, S.L., \u00e9s una empresa de seguretat, que presta el servei Recepci\u00f3, Verificaci\u00f3 i Gesti\u00f3 de Senyals d&#8217;Alarma Rebudes d&#8217;Intrusi\u00f3 i Incendi. Per [&hellip;]<\/p>\n","protected":false},"author":1,"featured_media":0,"parent":0,"menu_order":0,"comment_status":"closed","ping_status":"closed","template":"","meta":{"site-sidebar-layout":"no-sidebar","site-content-layout":"","ast-site-content-layout":"default","site-content-style":"default","site-sidebar-style":"default","ast-global-header-display":"","ast-banner-title-visibility":"","ast-main-header-display":"","ast-hfb-above-header-display":"","ast-hfb-below-header-display":"","ast-hfb-mobile-header-display":"","site-post-title":"disabled","ast-breadcrumbs-content":"","ast-featured-img":"disabled","footer-sml-layout":"","ast-disable-related-posts":"","theme-transparent-header-meta":"","adv-header-id-meta":"","stick-header-meta":"","header-above-stick-meta":"","header-main-stick-meta":"","header-below-stick-meta":"","astra-migrate-meta-layouts":"default","ast-page-background-enabled":"default","ast-page-background-meta":{"desktop":{"background-color":"var(--ast-global-color-4)","background-image":"","background-repeat":"repeat","background-position":"center center","background-size":"auto","background-attachment":"scroll","background-type":"","background-media":"","overlay-type":"","overlay-color":"","overlay-opacity":"","overlay-gradient":""},"tablet":{"background-color":"","background-image":"","background-repeat":"repeat","background-position":"center center","background-size":"auto","background-attachment":"scroll","background-type":"","background-media":"","overlay-type":"","overlay-color":"","overlay-opacity":"","overlay-gradient":""},"mobile":{"background-color":"","background-image":"","background-repeat":"repeat","background-position":"center center","background-size":"auto","background-attachment":"scroll","background-type":"","background-media":"","overlay-type":"","overlay-color":"","overlay-opacity":"","overlay-gradient":""}},"ast-content-background-meta":{"desktop":{"background-color":"var(--ast-global-color-5)","background-image":"","background-repeat":"repeat","background-position":"center center","background-size":"auto","background-attachment":"scroll","background-type":"","background-media":"","overlay-type":"","overlay-color":"","overlay-opacity":"","overlay-gradient":""},"tablet":{"background-color":"var(--ast-global-color-5)","background-image":"","background-repeat":"repeat","background-position":"center center","background-size":"auto","background-attachment":"scroll","background-type":"","background-media":"","overlay-type":"","overlay-color":"","overlay-opacity":"","overlay-gradient":""},"mobile":{"background-color":"var(--ast-global-color-5)","background-image":"","background-repeat":"repeat","background-position":"center center","background-size":"auto","background-attachment":"scroll","background-type":"","background-media":"","overlay-type":"","overlay-color":"","overlay-opacity":"","overlay-gradient":""}},"footnotes":""},"class_list":["post-360","page","type-page","status-publish","hentry"],"_links":{"self":[{"href":"https:\/\/fireconnect.cat\/ca\/wp-json\/wp\/v2\/pages\/360","targetHints":{"allow":["GET"]}}],"collection":[{"href":"https:\/\/fireconnect.cat\/ca\/wp-json\/wp\/v2\/pages"}],"about":[{"href":"https:\/\/fireconnect.cat\/ca\/wp-json\/wp\/v2\/types\/page"}],"author":[{"embeddable":true,"href":"https:\/\/fireconnect.cat\/ca\/wp-json\/wp\/v2\/users\/1"}],"replies":[{"embeddable":true,"href":"https:\/\/fireconnect.cat\/ca\/wp-json\/wp\/v2\/comments?post=360"}],"version-history":[{"count":1,"href":"https:\/\/fireconnect.cat\/ca\/wp-json\/wp\/v2\/pages\/360\/revisions"}],"predecessor-version":[{"id":361,"href":"https:\/\/fireconnect.cat\/ca\/wp-json\/wp\/v2\/pages\/360\/revisions\/361"}],"wp:attachment":[{"href":"https:\/\/fireconnect.cat\/ca\/wp-json\/wp\/v2\/media?parent=360"}],"curies":[{"name":"wp","href":"https:\/\/api.w.org\/{rel}","templated":true}]}}