{"id":362,"date":"2023-12-27T14:12:55","date_gmt":"2023-12-27T14:12:55","guid":{"rendered":"https:\/\/fireconnect.cat\/politica-de-cookies\/"},"modified":"2023-12-28T08:32:31","modified_gmt":"2023-12-28T08:32:31","slug":"politica-de-cookies","status":"publish","type":"page","link":"https:\/\/fireconnect.cat\/ca\/politica-de-cookies\/","title":{"rendered":"Pol\u00edtica de cookies"},"content":{"rendered":"\t\t<div data-elementor-type=\"wp-post\" data-elementor-id=\"362\" class=\"elementor elementor-362 elementor-191\" data-elementor-post-type=\"page\">\n\t\t\t\t<div class=\"elementor-element elementor-element-4f13b48 e-flex e-con-boxed e-con e-parent\" data-id=\"4f13b48\" data-element_type=\"container\" data-e-type=\"container\" data-settings=\"{&quot;background_background&quot;:&quot;classic&quot;}\">\n\t\t\t\t\t<div class=\"e-con-inner\">\n\t\t\t\t<div class=\"elementor-element elementor-element-d157941 elementor-widget elementor-widget-heading\" data-id=\"d157941\" data-element_type=\"widget\" data-e-type=\"widget\" data-widget_type=\"heading.default\">\n\t\t\t\t<div class=\"elementor-widget-container\">\n\t\t\t\t\t<h2 class=\"elementor-heading-title elementor-size-default\">Pol\u00edtica de cookies\n<\/h2>\t\t\t\t<\/div>\n\t\t\t\t<\/div>\n\t\t\t\t<div class=\"elementor-element elementor-element-5a77a5c elementor-widget elementor-widget-text-editor\" data-id=\"5a77a5c\" data-element_type=\"widget\" data-e-type=\"widget\" data-widget_type=\"text-editor.default\">\n\t\t\t\t<div class=\"elementor-widget-container\">\n\t\t\t\t\t\t\t\t\tRecepci\u00f3n &amp; Control de Alarmas, S.L.\n\n\t\t\t\t\t\t\t\t<\/div>\n\t\t\t\t<\/div>\n\t\t\t\t\t<\/div>\n\t\t\t\t<\/div>\n\t\t<div class=\"elementor-element elementor-element-a65b294 e-flex e-con-boxed e-con e-parent\" data-id=\"a65b294\" data-element_type=\"container\" data-e-type=\"container\">\n\t\t\t\t\t<div class=\"e-con-inner\">\n\t\t<div class=\"elementor-element elementor-element-8183422 e-flex e-con-boxed e-con e-child\" data-id=\"8183422\" data-element_type=\"container\" data-e-type=\"container\">\n\t\t\t\t\t<div class=\"e-con-inner\">\n\t\t\t\t<div class=\"elementor-element elementor-element-19544cb elementor-widget elementor-widget-heading\" data-id=\"19544cb\" data-element_type=\"widget\" data-e-type=\"widget\" data-widget_type=\"heading.default\">\n\t\t\t\t<div class=\"elementor-widget-container\">\n\t\t\t\t\t<h2 class=\"elementor-heading-title elementor-size-default\">Antecedents<\/h2>\t\t\t\t<\/div>\n\t\t\t\t<\/div>\n\t\t\t\t<div class=\"elementor-element elementor-element-7dd6f3f elementor-widget elementor-widget-text-editor\" data-id=\"7dd6f3f\" data-element_type=\"widget\" data-e-type=\"widget\" data-widget_type=\"text-editor.default\">\n\t\t\t\t<div class=\"elementor-widget-container\">\n\t\t\t\t\t\t\t\t\t<p>De conformitat amb la normativa espanyola que regula l&#8217;\u00fas de cookies en relaci\u00f3 a la prestaci\u00f3 de serveis de comunicacions electr\u00f2niques, recollida en el Reial decret llei 13\/2012 del 30 de mar\u00e7, l&#8217;informem sobre les cookies utilitzades en el lloc web deRECEPCION I CONTROL D&#8217;ALARMES, S.L. i el motiu del seu \u00fas. Aix\u00ed mateix, l&#8217;informa que en navegar en el Lloc web vost\u00e9 est\u00e0 prestant el seu consentiment per a poder utilitzar-les.<\/p>\n\t\t\t\t\t\t\t\t<\/div>\n\t\t\t\t<\/div>\n\t\t\t\t\t<\/div>\n\t\t\t\t<\/div>\n\t\t<div class=\"elementor-element elementor-element-eccfe81 e-flex e-con-boxed e-con e-child\" data-id=\"eccfe81\" data-element_type=\"container\" data-e-type=\"container\">\n\t\t\t\t\t<div class=\"e-con-inner\">\n\t\t\t\t<div class=\"elementor-element elementor-element-032a40e elementor-widget elementor-widget-heading\" data-id=\"032a40e\" data-element_type=\"widget\" data-e-type=\"widget\" data-widget_type=\"heading.default\">\n\t\t\t\t<div class=\"elementor-widget-container\">\n\t\t\t\t\t<h2 class=\"elementor-heading-title elementor-size-default\">Qu\u00e8 s\u00f3n les cookies?\n<\/h2>\t\t\t\t<\/div>\n\t\t\t\t<\/div>\n\t\t\t\t<div class=\"elementor-element elementor-element-5fc9ef6 elementor-widget elementor-widget-text-editor\" data-id=\"5fc9ef6\" data-element_type=\"widget\" data-e-type=\"widget\" data-widget_type=\"text-editor.default\">\n\t\t\t\t<div class=\"elementor-widget-container\">\n\t\t\t\t\t\t\t\t\tUna cookie \u00e9s un fitxer que es descarrega en el seu ordinador en accedir a determinades p\u00e0gines web. Les cookies permeten a una p\u00e0gina web, entre altres coses, emmagatzemar i recuperar informaci\u00f3 sobre els h\u00e0bits de navegaci\u00f3 d&#8217;un usuari o del seu equip i, depenent de la informaci\u00f3 que continguen i de la forma en qu\u00e8 utilitze el seu equip, poden utilitzar-se per a recon\u00e9ixer a l&#8217;usuari. Les cookies s&#8217;associen \u00fanicament a un usuari an\u00f2nim i el seu ordinador o dispositiu i no proporcionen refer\u00e8ncies que permeten con\u00e9ixer les seues dades personals\n\n\t\t\t\t\t\t\t\t<\/div>\n\t\t\t\t<\/div>\n\t\t\t\t\t<\/div>\n\t\t\t\t<\/div>\n\t\t<div class=\"elementor-element elementor-element-684e654 e-flex e-con-boxed e-con e-child\" data-id=\"684e654\" data-element_type=\"container\" data-e-type=\"container\">\n\t\t\t\t\t<div class=\"e-con-inner\">\n\t\t\t\t<div class=\"elementor-element elementor-element-66799cb elementor-widget elementor-widget-heading\" data-id=\"66799cb\" data-element_type=\"widget\" data-e-type=\"widget\" data-widget_type=\"heading.default\">\n\t\t\t\t<div class=\"elementor-widget-container\">\n\t\t\t\t\t<h2 class=\"elementor-heading-title elementor-size-default\">Cookies afectades per la normativa i cookies exemptes\n<\/h2>\t\t\t\t<\/div>\n\t\t\t\t<\/div>\n\t\t\t\t<div class=\"elementor-element elementor-element-dbe773a elementor-widget elementor-widget-text-editor\" data-id=\"dbe773a\" data-element_type=\"widget\" data-e-type=\"widget\" data-widget_type=\"text-editor.default\">\n\t\t\t\t<div class=\"elementor-widget-container\">\n\t\t\t\t\t\t\t\t\tSegons la directiva de la UE, les cookies que requereixen el consentiment informat per part de l&#8217;usuari s\u00f3n les cookies d&#8217;anal\u00edtica i les de publicitat i afiliaci\u00f3, quedant exceptuades les de car\u00e0cter t\u00e8cnic i les necess\u00e0ries per al funcionament del lloc web o la prestaci\u00f3 de serveis expressament demandats per l&#8217;usuari.\n\n\t\t\t\t\t\t\t\t<\/div>\n\t\t\t\t<\/div>\n\t\t\t\t\t<\/div>\n\t\t\t\t<\/div>\n\t\t<div class=\"elementor-element elementor-element-d032fd2 e-flex e-con-boxed e-con e-child\" data-id=\"d032fd2\" data-element_type=\"container\" data-e-type=\"container\">\n\t\t\t\t\t<div class=\"e-con-inner\">\n\t\t\t\t<div class=\"elementor-element elementor-element-a3ee83d elementor-widget elementor-widget-heading\" data-id=\"a3ee83d\" data-element_type=\"widget\" data-e-type=\"widget\" data-widget_type=\"heading.default\">\n\t\t\t\t<div class=\"elementor-widget-container\">\n\t\t\t\t\t<h2 class=\"elementor-heading-title elementor-size-default\">Tipus de cookies\n<\/h2>\t\t\t\t<\/div>\n\t\t\t\t<\/div>\n\t\t\t\t<div class=\"elementor-element elementor-element-cbcfaf7 elementor-widget elementor-widget-text-editor\" data-id=\"cbcfaf7\" data-element_type=\"widget\" data-e-type=\"widget\" data-widget_type=\"text-editor.default\">\n\t\t\t\t<div class=\"elementor-widget-container\">\n\t\t\t\t\t\t\t\t\t<p>Segons l&#8217;entitat que les gestioni, hi ha Cookies pr\u00f2pies (aquelles que s&#8217;envien a l&#8217;equip terminal de l&#8217;usuari des d&#8217;un equip o domini gestionat pel propi editor i des del qual es presta el servei Sol\u00b7licitat per l&#8217;usuari) i de tercers (les que s&#8217;envien a l&#8217;equip terminal de l&#8217;usuari des d&#8217;un equip o domini que no \u00e9s gestionat per l&#8217;editor, sin\u00f3 per una altra entitat que tracta les dades obtingudes trav\u00e9s de les cookies).<\/p>\n<p>Segons el temps que romanen actives, existeixen les de sessi\u00f3 (dissenyades per a recaptar i emmagatzemar dades mentre l&#8217;usuari accedeix a una p\u00e0gina web) i les persistents (en les quals les dades s&#8217;emmagatzemen en el terminal i poden ser accedits i tractats durant un per\u00edode definit pel responsable de la cookie -pot anar d&#8217;uns minuts a diversos anys-).<\/p>\n<p>Segons la finalitat per a la qual tractin la informaci\u00f3 que recopilen, poden ser:<\/p>\n<p>Cookies t\u00e8cniques (necess\u00e0ries per a l&#8217;\u00fas de la web i la prestaci\u00f3 del servei contractat)<\/p>\n<p>Cookies de personalitzaci\u00f3 (que permeten a l&#8217;usuari accedir al servei amb caracter\u00edstiques predefinides, com per exemple l&#8217;idioma, tipus de navegador, configuraci\u00f3 regional, etc.)<\/p>\n<p>Cookies d&#8217;an\u00e0lisis (recullen informaci\u00f3 l&#8217;\u00fas que es realitza de la web)<\/p>\n<p>Cookies publicit\u00e0ries (recullen informaci\u00f3 sobre les prefer\u00e8ncies i eleccions personals dels usuaris)<\/p>\n<p>Cookies d&#8217;afiliats (permeten realitzar un seguiment de les visites procedents d&#8217;altres webs, amb les quals el lloc web estableix un contracte d&#8217;afiliaci\u00f3).<\/p>\t\t\t\t\t\t\t\t<\/div>\n\t\t\t\t<\/div>\n\t\t\t\t\t<\/div>\n\t\t\t\t<\/div>\n\t\t<div class=\"elementor-element elementor-element-89c6729 e-flex e-con-boxed e-con e-child\" data-id=\"89c6729\" data-element_type=\"container\" data-e-type=\"container\">\n\t\t\t\t\t<div class=\"e-con-inner\">\n\t\t\t\t<div class=\"elementor-element elementor-element-b742986 elementor-widget elementor-widget-heading\" data-id=\"b742986\" data-element_type=\"widget\" data-e-type=\"widget\" data-widget_type=\"heading.default\">\n\t\t\t\t<div class=\"elementor-widget-container\">\n\t\t\t\t\t<h2 class=\"elementor-heading-title elementor-size-default\">Tipus de cookies utilitzades per aquest lloc web\n<\/h2>\t\t\t\t<\/div>\n\t\t\t\t<\/div>\n\t\t\t\t<div class=\"elementor-element elementor-element-b84f950 elementor-widget elementor-widget-text-editor\" data-id=\"b84f950\" data-element_type=\"widget\" data-e-type=\"widget\" data-widget_type=\"text-editor.default\">\n\t\t\t\t<div class=\"elementor-widget-container\">\n\t\t\t\t\t\t\t\t\tLes cookies utilitzades en el nostre lloc web s\u00f3n de sessi\u00f3 i de tercers, i ens permeten emmagatzemar i accedir a informaci\u00f3 relativa a l&#8217;idioma, el tipus de navegador utilitzat, i altres caracter\u00edstiques generals predefinides per l&#8217;usuari, aix\u00ed com seguir i analitzar l&#8217;activitat que duu a terme per a millorar i prestar els nostres serveis d&#8217;una manera m\u00e9s eficient i personalitzada. Les cookies usades tenen, en tot cas, car\u00e0cter temporal, amb l&#8217;\u00fanica finalitat de fer m\u00e9s efica\u00e7 la navegaci\u00f3. En cap cas aquestes cookies proporcionen per si mateixes dades de car\u00e0cter personal i no s&#8217;usen per a la recollida d&#8217;aquests.\n\n\t\t\t\t\t\t\t\t<\/div>\n\t\t\t\t<\/div>\n\t\t\t\t\t<\/div>\n\t\t\t\t<\/div>\n\t\t<div class=\"elementor-element elementor-element-2c1a2b3 e-flex e-con-boxed e-con e-child\" data-id=\"2c1a2b3\" data-element_type=\"container\" data-e-type=\"container\">\n\t\t\t\t\t<div class=\"e-con-inner\">\n\t\t\t\t<div class=\"elementor-element elementor-element-e235a58 elementor-widget elementor-widget-heading\" data-id=\"e235a58\" data-element_type=\"widget\" data-e-type=\"widget\" data-widget_type=\"heading.default\">\n\t\t\t\t<div class=\"elementor-widget-container\">\n\t\t\t\t\t<h2 class=\"elementor-heading-title elementor-size-default\">La utilitzaci\u00f3 de les cookies ofereix avantatges, com per exemple:\n<\/h2>\t\t\t\t<\/div>\n\t\t\t\t<\/div>\n\t\t\t\t<div class=\"elementor-element elementor-element-78e5416 elementor-widget elementor-widget-text-editor\" data-id=\"78e5416\" data-element_type=\"widget\" data-e-type=\"widget\" data-widget_type=\"text-editor.default\">\n\t\t\t\t<div class=\"elementor-widget-container\">\n\t\t\t\t\t\t\t\t\t<div class=\"fusion-text fusion-text-2\">\n<ol>\n \t<li>La utilitzaci\u00f3 dels cookies ofereix avantatges, com per exemple:<\/li>\n \t<li>Evita a l&#8217;usuari haver de configurar les caracter\u00edstiques generals predefinides cada vegada que accedeix al lloc web.<\/li>\n \t<li>Afavoreix la millora del funcionament i dels serveis prestats a trav\u00e9s d&#8217;aquest lloc web, despr\u00e9s de la corresponent an\u00e0lisi de la informaci\u00f3 obtinguda a trav\u00e9s de les cookies instal\u00b7lades.<\/li>\n<\/ol>\nEn accedir a la nostra web se l&#8217;informa que si continua navegant se li instal\u00b7laran diverses cookies de tercers consentint aix\u00ed la instal\u00b7laci\u00f3 de determinades cookies que tindran com a \u00fanica finalitat la de registrar l&#8217;acc\u00e9s al nostre lloc web per a la realitzaci\u00f3 d&#8217;estad\u00edstiques an\u00f2nimes sobre les visites, recopilant informaci\u00f3 sempre de manera an\u00f2nima. En accedir a la nostra web es l&#8217;informa que si cont\u00ednua navegant es li instal\u00b7laran diverses cookies de tercers consentint aix\u00ed la instal\u00b7laci\u00f3 de determinades cookies que tindran com a \u00fanica finalitat la de registrar l&#8217;acc\u00e9s al nostre lloc web per a la realitzaci\u00f3 d&#8217;estad\u00edstiques an\u00f2nimes sobre els visitis, recopilant informaci\u00f3 sempre de manera an\u00f2nima.\n\nEn diverses seccions de la nostra web es podran instal\u00b7lar cookies de xarxes socials, en concret les seg\u00fcents:\n<ol>\n \t<li>Cookie de Twitter, segons el que es disposa en la seva pol\u00edtica de privacitat i \u00fas de cookies.<\/li>\n \t<li>Cookie de Facebook, segons el que es disposa en la seva pol\u00edtica de cookies.<\/li>\n \t<li>Cookie de Linkedin, segons el que es disposa en la seva p\u00e0gina sobre l&#8217;\u00fas de les cookies.<\/li>\n \t<li>Cookie de Google+ i Google Maps, segons el que es disposa en la seva p\u00e0gina sobre quin tipus de cookies utilitzen.<\/li>\n<\/ol>\n<\/div>\n<div class=\"hscroll\">\n<table width=\"100%\">\n<thead>\n<tr>\n<th align=\"left\">Nom<\/th>\n<th align=\"left\">Tipus<\/th>\n<th align=\"left\">Caducitat<\/th>\n<th align=\"left\">Finalitat<\/th>\n<th align=\"left\">Classe<\/th>\n<\/tr>\n<\/thead>\n<tbody>\n<tr>\n<td align=\"left\">_ga<\/td>\n<td align=\"left\">HTTP<\/td>\n<td align=\"left\">2 anys<\/td>\n<td align=\"left\">S&#8217;usa per a distingir als usuaris.M\u00e9s informaci\u00f3 en <a href=\"https:\/\/developers.google.com\/analytics\/devguides\/collection\/analyticsjs\/cookie-usage\">cookies de Google Analytics<\/a><\/td>\n<td align=\"left\">Tercers (Google Analytics)<\/td>\n<\/tr>\n<tr>\n<td align=\"left\">_gid<\/td>\n<td align=\"left\">HTTP<\/td>\n<td align=\"left\">24 hores<\/td>\n<td align=\"left\">S&#8217;usa per a distingir als usuaris.M\u00e9s informaci\u00f3 en <a href=\"https:\/\/developers.google.com\/analytics\/devguides\/collection\/analyticsjs\/cookie-usage\">cookies de Google Analytics<\/a><\/td>\n<td align=\"left\">Tercers (Google Analytics)<\/td>\n<\/tr>\n<tr>\n<td align=\"left\">_gat<\/td>\n<td align=\"left\">HTTP<\/td>\n<td align=\"left\">1 minut<\/td>\n<td align=\"left\">S&#8217;usa per a limitar el percentatge de sol\u00b7licituds. M\u00e9s informaci\u00f3 en <a href=\"https:\/\/developers.google.com\/analytics\/devguides\/collection\/analyticsjs\/cookie-usage\">cookies de Google Analytics<\/a><\/td>\n<td align=\"left\">Tercers (Google Analytics)<\/td>\n<\/tr>\n<tr>\n<td align=\"left\">cdp-cookies-plugin-wp<\/td>\n<td align=\"left\">HTTP<\/td>\n<td align=\"left\">1 any<\/td>\n<td align=\"left\">S&#8217;usa per a saber si l&#8217;usuari han acceptat la pol\u00edtica de cookies.<\/td>\n<td align=\"left\">Pr\u00f2pia<\/td>\n<\/tr>\n<\/tbody>\n<\/table>\n<\/div>\n<div class=\"fusion-text fusion-text-3\"><\/div>\t\t\t\t\t\t\t\t<\/div>\n\t\t\t\t<\/div>\n\t\t\t\t\t<\/div>\n\t\t\t\t<\/div>\n\t\t<div class=\"elementor-element elementor-element-62de3d1 e-flex e-con-boxed e-con e-child\" data-id=\"62de3d1\" data-element_type=\"container\" data-e-type=\"container\">\n\t\t\t\t\t<div class=\"e-con-inner\">\n\t\t\t\t<div class=\"elementor-element elementor-element-2ba2b3b elementor-widget elementor-widget-heading\" data-id=\"2ba2b3b\" data-element_type=\"widget\" data-e-type=\"widget\" data-widget_type=\"heading.default\">\n\t\t\t\t<div class=\"elementor-widget-container\">\n\t\t\t\t\t<h2 class=\"elementor-heading-title elementor-size-default\">Revocaci\u00f3\n<\/h2>\t\t\t\t<\/div>\n\t\t\t\t<\/div>\n\t\t\t\t<div class=\"elementor-element elementor-element-c462c71 elementor-widget elementor-widget-text-editor\" data-id=\"c462c71\" data-element_type=\"widget\" data-e-type=\"widget\" data-widget_type=\"text-editor.default\">\n\t\t\t\t<div class=\"elementor-widget-container\">\n\t\t\t\t\t\t\t\t\t<p>En tot moment podr\u00e0 accedir a la configuraci\u00f3 del seu navegador acceptant o rebutjant totes les cookies, o b\u00e9 seleccionar aquelles la instal\u00b7laci\u00f3 de les quals admet i quins no, seguint un dels seg\u00fcents procediments, que dep\u00e8n del navegador que utilitzi:<\/p>\n<h5 class=\"fusion-responsive-typography-calculated\" data-fontsize=\"20\" data-lineheight=\"24px\">Google Chrome (en el Men\u00fa Eines):<\/h5>\n<p>Configuraci\u00f3 &gt; Mostrar opcions avan\u00e7ades &gt; Privacitat (Configuraci\u00f3 de contingut) &gt;Cookies: M\u00e9s informaci\u00f3<\/p>\n<h5 class=\"fusion-responsive-typography-calculated\" data-fontsize=\"20\" data-lineheight=\"24px\">Microsoft Internet Explorer (en el Men\u00fa Eines):<\/h5>\n<p>Opcions d&#8217;Internet &gt; Privacitat &gt;Avan\u00e7ada: M\u00e9s informaci\u00f3nl Men\u00fa Eines):<\/p>\n<h5 class=\"fusion-responsive-typography-calculated\" data-fontsize=\"20\" data-lineheight=\"24px\">Firefox<\/h5>\n<p>Opcions &gt;Privacitat &gt;Cookies: M\u00e9s informaci\u00f3<\/p>\n<h5 class=\"fusion-responsive-typography-calculated\" data-fontsize=\"20\" data-lineheight=\"24px\">Safari, iPad i iPhone<\/h5>\n<p>Prefer\u00e8ncies &gt;Privacitat: M\u00e9s informaci\u00f3<\/p>\n<h5 class=\"fusion-responsive-typography-calculated\" data-fontsize=\"20\" data-lineheight=\"24px\">Opera<\/h5>\n<p>Configuraci\u00f3 &gt;Opcions &gt;Avan\u00e7at &gt;Cookies: M\u00e9s informaci\u00f3<\/p>\n<p>Aquests navegadors estan sotmesos a actualitzacions o modificacions, per la qual cosa no podem garantir que s&#8217;ajustin completament a la versi\u00f3 del seu navegador. Tamb\u00e9 pot ser que utilitzi un altre navegador no contemplat en aquests enlla\u00e7os com Konqueror, Arora, Flock, etc. Per a evitar aquests desajustaments, pot accedir directament des de les opcions del seu navegador, generalment en el men\u00fa de \u201cOpcions\u201d en la secci\u00f3 de \u201cPrivacitat\u201d. (Si us plau, consulti l&#8217;ajuda del seu navegador per a m\u00e9s informaci\u00f3).<\/p>\n\t\t\t\t\t\t\t\t<\/div>\n\t\t\t\t<\/div>\n\t\t\t\t\t<\/div>\n\t\t\t\t<\/div>\n\t\t<div class=\"elementor-element elementor-element-e4ef00b e-flex e-con-boxed e-con e-child\" data-id=\"e4ef00b\" data-element_type=\"container\" data-e-type=\"container\">\n\t\t\t\t\t<div class=\"e-con-inner\">\n\t\t\t\t<div class=\"elementor-element elementor-element-0a2d332 elementor-widget elementor-widget-heading\" data-id=\"0a2d332\" data-element_type=\"widget\" data-e-type=\"widget\" data-widget_type=\"heading.default\">\n\t\t\t\t<div class=\"elementor-widget-container\">\n\t\t\t\t\t<h2 class=\"elementor-heading-title elementor-size-default\">Desactivaci\u00f3\/Activaci\u00f3 i eliminaci\u00f3 de cookies\n<\/h2>\t\t\t\t<\/div>\n\t\t\t\t<\/div>\n\t\t\t\t<div class=\"elementor-element elementor-element-693af90 elementor-widget elementor-widget-text-editor\" data-id=\"693af90\" data-element_type=\"widget\" data-e-type=\"widget\" data-widget_type=\"text-editor.default\">\n\t\t\t\t<div class=\"elementor-widget-container\">\n\t\t\t\t\t\t\t\t\t<p>Per a restringir o bloquejar les cookies, es fa a trav\u00e9s de la configuraci\u00f3 del navegador.si no desitja que els llocs web posin cap cookie en el seu equip, pot adaptar la configuraci\u00f3 del navegador de manera que se li notifiqui abans que es col\u00b7loqui cap cookie. D&#8217;igual mode, pot adaptar la configuraci\u00f3 de manera que el navegador rebutgi totes les cookies, o \u00fanicament les cookies de tercers. Tamb\u00e9 pot eliminar qualsevol de les cookies que ja es trobin en l&#8217;equip. Tamb\u00e9 pot eliminar qualsevol de les cookies que ja es trobin en l&#8217;equip.<\/p>\n<p>Tingui en compte que si no desitja rebre cookies, ja no podrem garantir que el nostre lloc web funcioni degudament. Tingui en compte que si no desitja rebre cookies, ja no podrem garantir que el nostre lloc web funcioni degudament. A m\u00e9s, rebutjar les cookies no significa que ja no vagi a veure anuncis publicitaris. Simplement els anuncis no s&#8217;ajustaran als seus interessos i es repetiran amb m\u00e9s freq\u00fc\u00e8ncia.<\/p>\n<p>Cada navegador posseeix un m\u00e8tode diferent per a adaptar la configuraci\u00f3. Si fos necessari, consulti la funci\u00f3 d&#8217;ajuda del navegador per a establir la configuraci\u00f3 correcta.<\/p>\n<p>Per a desactivar les cookies en el tel\u00e8fon m\u00f2bil, consulti el manual del dispositiu per a obtenir m\u00e9s informaci\u00f3.<\/p>\n<p>Pot obtenir m\u00e9s informaci\u00f3 sobre les cookies en Internet, http:\/\/www.aboutcookies.org\/teniendo en compte la forma en la qual funciona Internet i els llocs web, no sempre comptem amb informaci\u00f3 de les cookies que col\u00b7loquen terceres parts a trav\u00e9s del nostre lloc web. Aix\u00f2 s&#8217;aplica especialment a casos en els quals la nostra p\u00e0gina web cont\u00e9 el que es denominen elements integrats: textos, documents, imatges o breus pel\u00b7l\u00edcules que s&#8217;emmagatzemen en una altra part, per\u00f2 es mostren en el nostre lloc web o a trav\u00e9s d&#8217;aquest.Per conseg\u00fcent, en cas que es trobi amb aquesta mena de cookies en aquest lloc web i no estiguin enumerades en la llista anterior, li preguem que ens el comuniqui. O b\u00e9 posi&#8217;s en contacte directament amb el tercer per a demanar-li informaci\u00f3 sobre les cookies que col\u00b7loca, la finalitat i la durada de la cookie, i com ha garantit la seva privacitat.<\/p>\t\t\t\t\t\t\t\t<\/div>\n\t\t\t\t<\/div>\n\t\t\t\t\t<\/div>\n\t\t\t\t<\/div>\n\t\t\t\t\t<\/div>\n\t\t\t\t<\/div>\n\t\t\t\t<\/div>\n\t\t","protected":false},"excerpt":{"rendered":"<p>Pol\u00edtica de cookies Recepci\u00f3n &amp; Control de Alarmas, S.L. Antecedents De conformitat amb la normativa espanyola que regula l&#8217;\u00fas de cookies en relaci\u00f3 a la prestaci\u00f3 de serveis de comunicacions electr\u00f2niques, recollida en el Reial decret llei 13\/2012 del 30 de mar\u00e7, l&#8217;informem sobre les cookies utilitzades en el lloc web deRECEPCION I CONTROL D&#8217;ALARMES, [&hellip;]<\/p>\n","protected":false},"author":1,"featured_media":0,"parent":0,"menu_order":0,"comment_status":"closed","ping_status":"closed","template":"","meta":{"site-sidebar-layout":"no-sidebar","site-content-layout":"","ast-site-content-layout":"default","site-content-style":"default","site-sidebar-style":"default","ast-global-header-display":"","ast-banner-title-visibility":"","ast-main-header-display":"","ast-hfb-above-header-display":"","ast-hfb-below-header-display":"","ast-hfb-mobile-header-display":"","site-post-title":"disabled","ast-breadcrumbs-content":"","ast-featured-img":"disabled","footer-sml-layout":"","ast-disable-related-posts":"","theme-transparent-header-meta":"","adv-header-id-meta":"","stick-header-meta":"","header-above-stick-meta":"","header-main-stick-meta":"","header-below-stick-meta":"","astra-migrate-meta-layouts":"default","ast-page-background-enabled":"default","ast-page-background-meta":{"desktop":{"background-color":"var(--ast-global-color-4)","background-image":"","background-repeat":"repeat","background-position":"center center","background-size":"auto","background-attachment":"scroll","background-type":"","background-media":"","overlay-type":"","overlay-color":"","overlay-opacity":"","overlay-gradient":""},"tablet":{"background-color":"","background-image":"","background-repeat":"repeat","background-position":"center center","background-size":"auto","background-attachment":"scroll","background-type":"","background-media":"","overlay-type":"","overlay-color":"","overlay-opacity":"","overlay-gradient":""},"mobile":{"background-color":"","background-image":"","background-repeat":"repeat","background-position":"center center","background-size":"auto","background-attachment":"scroll","background-type":"","background-media":"","overlay-type":"","overlay-color":"","overlay-opacity":"","overlay-gradient":""}},"ast-content-background-meta":{"desktop":{"background-color":"var(--ast-global-color-5)","background-image":"","background-repeat":"repeat","background-position":"center center","background-size":"auto","background-attachment":"scroll","background-type":"","background-media":"","overlay-type":"","overlay-color":"","overlay-opacity":"","overlay-gradient":""},"tablet":{"background-color":"var(--ast-global-color-5)","background-image":"","background-repeat":"repeat","background-position":"center center","background-size":"auto","background-attachment":"scroll","background-type":"","background-media":"","overlay-type":"","overlay-color":"","overlay-opacity":"","overlay-gradient":""},"mobile":{"background-color":"var(--ast-global-color-5)","background-image":"","background-repeat":"repeat","background-position":"center center","background-size":"auto","background-attachment":"scroll","background-type":"","background-media":"","overlay-type":"","overlay-color":"","overlay-opacity":"","overlay-gradient":""}},"footnotes":""},"class_list":["post-362","page","type-page","status-publish","hentry"],"_links":{"self":[{"href":"https:\/\/fireconnect.cat\/ca\/wp-json\/wp\/v2\/pages\/362","targetHints":{"allow":["GET"]}}],"collection":[{"href":"https:\/\/fireconnect.cat\/ca\/wp-json\/wp\/v2\/pages"}],"about":[{"href":"https:\/\/fireconnect.cat\/ca\/wp-json\/wp\/v2\/types\/page"}],"author":[{"embeddable":true,"href":"https:\/\/fireconnect.cat\/ca\/wp-json\/wp\/v2\/users\/1"}],"replies":[{"embeddable":true,"href":"https:\/\/fireconnect.cat\/ca\/wp-json\/wp\/v2\/comments?post=362"}],"version-history":[{"count":1,"href":"https:\/\/fireconnect.cat\/ca\/wp-json\/wp\/v2\/pages\/362\/revisions"}],"predecessor-version":[{"id":363,"href":"https:\/\/fireconnect.cat\/ca\/wp-json\/wp\/v2\/pages\/362\/revisions\/363"}],"wp:attachment":[{"href":"https:\/\/fireconnect.cat\/ca\/wp-json\/wp\/v2\/media?parent=362"}],"curies":[{"name":"wp","href":"https:\/\/api.w.org\/{rel}","templated":true}]}}