{"id":364,"date":"2023-12-27T14:27:04","date_gmt":"2023-12-27T14:27:04","guid":{"rendered":"https:\/\/fireconnect.cat\/politica-de-privacitat\/"},"modified":"2023-12-28T08:38:42","modified_gmt":"2023-12-28T08:38:42","slug":"politica-de-privacitat","status":"publish","type":"page","link":"https:\/\/fireconnect.cat\/ca\/politica-de-privacitat\/","title":{"rendered":"Pol\u00edtica de privacitat"},"content":{"rendered":"\t\t<div data-elementor-type=\"wp-post\" data-elementor-id=\"364\" class=\"elementor elementor-364 elementor-199\" data-elementor-post-type=\"page\">\n\t\t\t\t<div class=\"elementor-element elementor-element-4f13b48 e-flex e-con-boxed e-con e-parent\" data-id=\"4f13b48\" data-element_type=\"container\" data-e-type=\"container\" data-settings=\"{&quot;background_background&quot;:&quot;classic&quot;}\">\n\t\t\t\t\t<div class=\"e-con-inner\">\n\t\t\t\t<div class=\"elementor-element elementor-element-d157941 elementor-widget elementor-widget-heading\" data-id=\"d157941\" data-element_type=\"widget\" data-e-type=\"widget\" data-widget_type=\"heading.default\">\n\t\t\t\t<div class=\"elementor-widget-container\">\n\t\t\t\t\t<h2 class=\"elementor-heading-title elementor-size-default\">Pol\u00edtica de privacitat\n<\/h2>\t\t\t\t<\/div>\n\t\t\t\t<\/div>\n\t\t\t\t<div class=\"elementor-element elementor-element-5a77a5c elementor-widget elementor-widget-text-editor\" data-id=\"5a77a5c\" data-element_type=\"widget\" data-e-type=\"widget\" data-widget_type=\"text-editor.default\">\n\t\t\t\t<div class=\"elementor-widget-container\">\n\t\t\t\t\t\t\t\t\tRecepci\u00f3n &amp; Control de Alarmas, S.L.\n\n\t\t\t\t\t\t\t\t<\/div>\n\t\t\t\t<\/div>\n\t\t\t\t\t<\/div>\n\t\t\t\t<\/div>\n\t\t<div class=\"elementor-element elementor-element-a65b294 e-flex e-con-boxed e-con e-parent\" data-id=\"a65b294\" data-element_type=\"container\" data-e-type=\"container\">\n\t\t\t\t\t<div class=\"e-con-inner\">\n\t\t<div class=\"elementor-element elementor-element-8183422 e-flex e-con-boxed e-con e-child\" data-id=\"8183422\" data-element_type=\"container\" data-e-type=\"container\">\n\t\t\t\t\t<div class=\"e-con-inner\">\n\t\t\t\t<div class=\"elementor-element elementor-element-7dd6f3f elementor-widget elementor-widget-text-editor\" data-id=\"7dd6f3f\" data-element_type=\"widget\" data-e-type=\"widget\" data-widget_type=\"text-editor.default\">\n\t\t\t\t<div class=\"elementor-widget-container\">\n\t\t\t\t\t\t\t\t\t<p>En aquesta secci\u00f3 volem mantenir-li informat de tots els aspectes relacionats amb la protecci\u00f3 de les seves dades de car\u00e0cter personal i el seu \u00fas en aquest website aix\u00ed com en entorn de l&#8217;organitzaci\u00f3, d&#8217;acord amb el nou Reglament de Protecci\u00f3 de Dades (d&#8217;ara endavant \u201cRGPD\u201d) en vigor.<br>\nLes dades de car\u00e0cter personal facilitats a trav\u00e9s de l&#8217;enviament d&#8217;e-mail o anomenades al nostre call-center s&#8217;emmagatzemaran en un arxiu automatitzat sota la responsabilitat de RECEPCION I CONTROL D&#8217;ALARMES, S.L. amb la finalitat de respondre a les seves consultes o alarmes, gestionar la nostra relaci\u00f3 comercial aix\u00ed com informar-lo sobre serveis o productes que poguessin ser del seu inter\u00e8s. Evidentment, no \u00e9s obligatori adjuntar a la seva consulta o enc\u00e0rrec m\u00e9s informaci\u00f3 que la imprescindible per a establir contacte o, si \u00e9s el cas, una relaci\u00f3 comercial amb vost\u00e8. No obstant aix\u00f2, de no facilitar-nos, almenys, un n\u00famero de tel\u00e8fon o adre\u00e7a de correu electr\u00f2nic, \u00e9s possible que no puguem respondre a qualsevol dubte o q\u00fcesti\u00f3 que Vost\u00e8 vulgui fer-nos arribar.<br>\nExcepte comunicaci\u00f3 en contra per part seva, RECEPCION I CONTROL D&#8217;ALARMES, S.L. podr\u00e0 utilitzar les dades personals que Vost\u00e8 ens proporcioni, tant per al manteniment de contactes comercials amb Vost\u00e8, com per a remetre-li informaci\u00f3 actualitzada i exclusiva sobre els nostres productes i serveis.<br>\nPel fet de proporcionar-nos la seva adre\u00e7a electr\u00f2nica entendrem que Vost\u00e8 autoritza l&#8217;enviament de comunicacions comercials per via electr\u00f2nica per part de RECEPCION I CONTROL D&#8217;ALARMES, S.L.roporcione, tant per al manteniment de contactes comercials amb Vost\u00e8, com per a remetre-li informaci\u00f3 actualitzada i exclusiva sobre els nostres productes i serveis.<br>\nVost\u00e8 podr\u00e0 exercitar el seu dret d&#8217;acc\u00e9s, d&#8217;informaci\u00f3 rectificaci\u00f3, cancel\u00b7laci\u00f3, limitaci\u00f3, supressi\u00f3 i oposici\u00f3 tal com estipula la RGPD o revocar l&#8217;autoritzaci\u00f3 anteriorment citada escrivint a:<\/p>\n<p>C\/ Zamora 45-47 \u00e0tic 1a, CP. 08005 BARCELONA o b\u00e9 enviant un correu a rgpd@fireconnect.cat<\/p>\n<p>Per imperatiu legal Recepci\u00f3 i control d&#8217;alarmes es troba obligada a gravar les trucades amb destinaci\u00f3 o origen a la Central Receptora d&#8217;Alarmes, per aquest motiu, l&#8217;informem que la seva veu, considerada com a dada de car\u00e0cter personal ser\u00e0 integrada en un fitxer automatitzat en les mateixes condicions expressades en el par\u00e0graf anterior.<br>\nEn el cas d&#8217;apar\u00e8ixer altres finalitats d&#8217;\u00fas, ser\u00e0 convenientment informat. Les dades que ens faciliti seran tractats amb confidencialitat i no seran cedits ni revelats a l&#8217;entrada de dades err\u00f2nies o incompletes pot impedir-nos contactar amb vost\u00e8. Confiem que vost\u00e8 s&#8217;asseguri de facilitar-nos la informaci\u00f3 i les dades de car\u00e0cter personal de manera exacta i actualitzada, i que ens autoritza a processar-los sota les condicions esmentades m\u00e9s amunt.<\/p>\t\t\t\t\t\t\t\t<\/div>\n\t\t\t\t<\/div>\n\t\t\t\t\t<\/div>\n\t\t\t\t<\/div>\n\t\t<div class=\"elementor-element elementor-element-eccfe81 e-flex e-con-boxed e-con e-child\" data-id=\"eccfe81\" data-element_type=\"container\" data-e-type=\"container\">\n\t\t\t\t\t<div class=\"e-con-inner\">\n\t\t\t\t<div class=\"elementor-element elementor-element-032a40e elementor-widget elementor-widget-heading\" data-id=\"032a40e\" data-element_type=\"widget\" data-e-type=\"widget\" data-widget_type=\"heading.default\">\n\t\t\t\t<div class=\"elementor-widget-container\">\n\t\t\t\t\t<h2 class=\"elementor-heading-title elementor-size-default\">Qui \u00e9s el Responsable del tractament de les seves dades?\n<\/h2>\t\t\t\t<\/div>\n\t\t\t\t<\/div>\n\t\t\t\t<div class=\"elementor-element elementor-element-5fc9ef6 elementor-widget elementor-widget-text-editor\" data-id=\"5fc9ef6\" data-element_type=\"widget\" data-e-type=\"widget\" data-widget_type=\"text-editor.default\">\n\t\t\t\t<div class=\"elementor-widget-container\">\n\t\t\t\t\t\t\t\t\t<p>Identitat: RECEPCI\u00d3N Y CONTROL DE ALARMAS SL<\/p>\n<p>CIF: B60882537<\/p>\n<p>Dir. Postal: C\/ ZAMORA 45-47 ATICO 1\u00aa \u2013 08005 \u2013 BARCELONA<\/p>\n<p>Tel\u00e9fon: 93.242.45.50<\/p>\n<p>E-Mail: rgpd@fireconnect.cat<\/p>\n\t\t\t\t\t\t\t\t<\/div>\n\t\t\t\t<\/div>\n\t\t\t\t\t<\/div>\n\t\t\t\t<\/div>\n\t\t<div class=\"elementor-element elementor-element-684e654 e-flex e-con-boxed e-con e-child\" data-id=\"684e654\" data-element_type=\"container\" data-e-type=\"container\">\n\t\t\t\t\t<div class=\"e-con-inner\">\n\t\t\t\t<div class=\"elementor-element elementor-element-66799cb elementor-widget elementor-widget-heading\" data-id=\"66799cb\" data-element_type=\"widget\" data-e-type=\"widget\" data-widget_type=\"heading.default\">\n\t\t\t\t<div class=\"elementor-widget-container\">\n\t\t\t\t\t<h2 class=\"elementor-heading-title elementor-size-default\">Amb quina finalitat tractem les seves dades personals?\n<\/h2>\t\t\t\t<\/div>\n\t\t\t\t<\/div>\n\t\t\t\t<div class=\"elementor-element elementor-element-dbe773a elementor-widget elementor-widget-text-editor\" data-id=\"dbe773a\" data-element_type=\"widget\" data-e-type=\"widget\" data-widget_type=\"text-editor.default\">\n\t\t\t\t<div class=\"elementor-widget-container\">\n\t\t\t\t\t\t\t\t\t<p>En RECEPCION I CONTROL D&#8217;ALARMES SL, tractem les seves dades amb la finalitat principal d&#8217;Explotaci\u00f3 de Centrals d&#8217;Alarmes.<\/p>\n<p>a) Com a persona de contacte per a mantenir relacions amb l&#8217;entitat jur\u00eddica o organitzaci\u00f3 en la qual vost\u00e8 presta els seus serveis.<br \/>b) Com a interessat que s&#8217;ha posat en contacte amb nosaltres consultant-nos o sol\u00b7licitant-nos alguna informaci\u00f3, per a poder atendre-li.<br \/>c) Com a persona de contacte per a mantenir relacions directament.<\/p>\n\t\t\t\t\t\t\t\t<\/div>\n\t\t\t\t<\/div>\n\t\t\t\t\t<\/div>\n\t\t\t\t<\/div>\n\t\t<div class=\"elementor-element elementor-element-d032fd2 e-flex e-con-boxed e-con e-child\" data-id=\"d032fd2\" data-element_type=\"container\" data-e-type=\"container\">\n\t\t\t\t\t<div class=\"e-con-inner\">\n\t\t\t\t<div class=\"elementor-element elementor-element-a3ee83d elementor-widget elementor-widget-heading\" data-id=\"a3ee83d\" data-element_type=\"widget\" data-e-type=\"widget\" data-widget_type=\"heading.default\">\n\t\t\t\t<div class=\"elementor-widget-container\">\n\t\t\t\t\t<h2 class=\"elementor-heading-title elementor-size-default\">Per quant temps conservarem les seves dades?\n<\/h2>\t\t\t\t<\/div>\n\t\t\t\t<\/div>\n\t\t\t\t<div class=\"elementor-element elementor-element-cbcfaf7 elementor-widget elementor-widget-text-editor\" data-id=\"cbcfaf7\" data-element_type=\"widget\" data-e-type=\"widget\" data-widget_type=\"text-editor.default\">\n\t\t\t\t<div class=\"elementor-widget-container\">\n\t\t\t\t\t\t\t\t\t<p>Les dades personals proporcionades es conservaran en la finalitat principal:<br \/>a) En cas de tractar-se d&#8217;una persona de contacte per a mantenir relacions amb l&#8217;entitat jur\u00eddica o organitzaci\u00f3 en la qual vost\u00e8 presta els seus serveis, es conservaran mentre es mantingui la nostra relaci\u00f3 amb aquesta entitat jur\u00eddica o organitzaci\u00f3, i fora de perill els terminis legals per les responsabilitats legals que poguessin derivar-se de la relaci\u00f3 amb l&#8217;entitat jur\u00eddica o organitzaci\u00f3.<br \/>b) En cas d&#8217;interessat posat en contacte amb nosaltres, fins a 6 mesos despr\u00e9s d&#8217;atendre el seu requeriment, per si es produ\u00efssin per la seva part comunicacions posteriors en refer\u00e8ncia a aquesta consulta o requeriment d&#8217;informaci\u00f3.<br \/>c) En cas de persona de contacte per a mantenir relacions directament, es conservaran en tant es mantingui la relaci\u00f3 i fora de perill els terminis legals de conservaci\u00f3.<br \/>Decisions automatitzades, perfils i l\u00f2gica aplicada:<br \/>L&#8217;empresa NO prendr\u00e0 decisions automatitzades.<\/p>\n\t\t\t\t\t\t\t\t<\/div>\n\t\t\t\t<\/div>\n\t\t\t\t\t<\/div>\n\t\t\t\t<\/div>\n\t\t<div class=\"elementor-element elementor-element-89c6729 e-flex e-con-boxed e-con e-child\" data-id=\"89c6729\" data-element_type=\"container\" data-e-type=\"container\">\n\t\t\t\t\t<div class=\"e-con-inner\">\n\t\t\t\t<div class=\"elementor-element elementor-element-b742986 elementor-widget elementor-widget-heading\" data-id=\"b742986\" data-element_type=\"widget\" data-e-type=\"widget\" data-widget_type=\"heading.default\">\n\t\t\t\t<div class=\"elementor-widget-container\">\n\t\t\t\t\t<h2 class=\"elementor-heading-title elementor-size-default\">Quina \u00e9s la legitimaci\u00f3 per al tractament de les seves dades?\n<\/h2>\t\t\t\t<\/div>\n\t\t\t\t<\/div>\n\t\t\t\t<div class=\"elementor-element elementor-element-b84f950 elementor-widget elementor-widget-text-editor\" data-id=\"b84f950\" data-element_type=\"widget\" data-e-type=\"widget\" data-widget_type=\"text-editor.default\">\n\t\t\t\t<div class=\"elementor-widget-container\">\n\t\t\t\t\t\t\t\t\t<p>La base legal per al tractament de les seves dades, \u00e9s la finalitat principal de prestaci\u00f3 del servei pel qual ens han contractat, que \u00e9s l&#8217;Explotaci\u00f3 de Centrals d&#8217;Alarmes.<\/p>\n<p>a) En cas de tractar-se d&#8217;una persona de contacte per a mantenir relacions amb l&#8217;entitat jur\u00eddica o organitzaci\u00f3 en la qual vost\u00e8 presta els seus serveis, \u00e9s la satisfacci\u00f3 de l&#8217;inter\u00e8s leg\u00edtim del responsable, d&#8217;acord amb el que s&#8217;estableix en l&#8217;art. 6.1.f del RGPD.<br \/>b) En cas d&#8217;interessat posat en contacte amb nosaltres, la base legal \u00e9s l&#8217;obtenci\u00f3 del seu consentiment.<br \/>c) En cas de persona de contacte per a mantenir relacions directament, \u00e9s la satisfacci\u00f3 de l&#8217;inter\u00e8s leg\u00edtim del responsable, d&#8217;acord amb el que s&#8217;estableix en l&#8217;art. 6.1.f del RGPD.<\/p>\n\t\t\t\t\t\t\t\t<\/div>\n\t\t\t\t<\/div>\n\t\t\t\t\t<\/div>\n\t\t\t\t<\/div>\n\t\t<div class=\"elementor-element elementor-element-2c1a2b3 e-flex e-con-boxed e-con e-child\" data-id=\"2c1a2b3\" data-element_type=\"container\" data-e-type=\"container\">\n\t\t\t\t\t<div class=\"e-con-inner\">\n\t\t\t\t<div class=\"elementor-element elementor-element-e235a58 elementor-widget elementor-widget-heading\" data-id=\"e235a58\" data-element_type=\"widget\" data-e-type=\"widget\" data-widget_type=\"heading.default\">\n\t\t\t\t<div class=\"elementor-widget-container\">\n\t\t\t\t\t<h2 class=\"elementor-heading-title elementor-size-default\">A quins destinataris es comunicaran les seves dades?\n<\/h2>\t\t\t\t<\/div>\n\t\t\t\t<\/div>\n\t\t\t\t<div class=\"elementor-element elementor-element-78e5416 elementor-widget elementor-widget-text-editor\" data-id=\"78e5416\" data-element_type=\"widget\" data-e-type=\"widget\" data-widget_type=\"text-editor.default\">\n\t\t\t\t<div class=\"elementor-widget-container\">\n\t\t\t\t\t\t\t\t\t<p>Durant el per\u00edode de durada del tractament, RECECPCION I CONTROL D&#8217;ALARMES SL no comunicar\u00e0 les seves dades a tercers.<br \/>En RECEPCION I CONTROL D&#8217;ALARMES SL. comptarem amb la col\u00b7laboraci\u00f3 de tercers prestadors de serveis que en cada cas h\u00e0gim pogut contractar i que, per a la prestaci\u00f3 d&#8217;aquest servei, pot ser necessari que tinguin acc\u00e9s a les seves dades de car\u00e0cter personal, per\u00f2 que els tractaran amb totes les garanties legals exigibles, seguint les nostres instruccions i pr\u00e8via subscripci\u00f3 d&#8217;un contracte de protecci\u00f3 de dades en les quals exigim, entre altres, tractar les dades exclusivament per a les finalitats pactades, aplicar mesures t\u00e8cniques i organitzatives adequades, aix\u00ed com suprimir i retornar les dades a la finalitzaci\u00f3 del servei.<br \/>En RECEPCION I CONTROL D&#8217;ALARMES SL seguim uns criteris estrictes de selecci\u00f3 de tercers prestadors de serveis amb la finalitat de donar compliment a les nostres obligacions en mat\u00e8ria de protecci\u00f3 de dades.<\/p>\n\t\t\t\t\t\t\t\t<\/div>\n\t\t\t\t<\/div>\n\t\t\t\t\t<\/div>\n\t\t\t\t<\/div>\n\t\t<div class=\"elementor-element elementor-element-62de3d1 e-flex e-con-boxed e-con e-child\" data-id=\"62de3d1\" data-element_type=\"container\" data-e-type=\"container\">\n\t\t\t\t\t<div class=\"e-con-inner\">\n\t\t\t\t<div class=\"elementor-element elementor-element-2ba2b3b elementor-widget elementor-widget-heading\" data-id=\"2ba2b3b\" data-element_type=\"widget\" data-e-type=\"widget\" data-widget_type=\"heading.default\">\n\t\t\t\t<div class=\"elementor-widget-container\">\n\t\t\t\t\t<h2 class=\"elementor-heading-title elementor-size-default\">Quins s\u00f3n els seus drets quan ens facilita les seves dades?\n<\/h2>\t\t\t\t<\/div>\n\t\t\t\t<\/div>\n\t\t\t\t<div class=\"elementor-element elementor-element-c462c71 elementor-widget elementor-widget-text-editor\" data-id=\"c462c71\" data-element_type=\"widget\" data-e-type=\"widget\" data-widget_type=\"text-editor.default\">\n\t\t\t\t<div class=\"elementor-widget-container\">\n\t\t\t\t\t\t\t\t\t<p>Qualsevol persona t\u00e9 dret a obtenir confirmaci\u00f3 sobre si RECEPCION I CONTROL D&#8217;ALARMES SL. estem tractant dades personals que el concerneixin o no.<br \/>Aix\u00ed mateix, t\u00e9:<\/p>\n<p>Dret a sol\u00b7licitar l&#8217;acc\u00e9s a les seves dades personals.<br \/>Dret a sol\u00b7licitar la seva rectificaci\u00f3<br \/>Dret a sol\u00b7licitar la seva supressi\u00f3.<br \/>Dret a sol\u00b7licitar la limitaci\u00f3 del seu tractament.<br \/>Dret a oposar-se al tractament.<br \/>Dret a la portabilitat de les dades.<br \/>Dret a retirar el consentiment prestat.<br \/>Dret a retirar el consentiment prestat.<br \/>Dret a oposar-se a ser objecte de decisions individuals automatitzades<br \/>Per a exercir els seus drets, dirigeixi un escrit adjuntant c\u00f2pia del seu DNI a:<br \/>RECEPCION Y CONTROL DE ALARMAS SL. C\/ ZAMORA 45-47 ATICO 1r 08005 \u2013 BARCELONA o b\u00e9 remeti un email a: rgpd@recepcionycontro.com Aix\u00ed mateix, l&#8217;informem que pot dirigir-se a l&#8217;Ag\u00e8ncia Espanyola de Protecci\u00f3 de Dades (www.agpd.es) per a obtenir informaci\u00f3 addicional o per a presentar una reclamaci\u00f3, per exemple, si no has obtingut satisfacci\u00f3 en l&#8217;exercici dels teus drets.<\/p>\n\t\t\t\t\t\t\t\t<\/div>\n\t\t\t\t<\/div>\n\t\t\t\t\t<\/div>\n\t\t\t\t<\/div>\n\t\t\t\t\t<\/div>\n\t\t\t\t<\/div>\n\t\t\t\t<\/div>\n\t\t","protected":false},"excerpt":{"rendered":"<p>Pol\u00edtica de privacitat Recepci\u00f3n &amp; Control de Alarmas, S.L. En aquesta secci\u00f3 volem mantenir-li informat de tots els aspectes relacionats amb la protecci\u00f3 de les seves dades de car\u00e0cter personal i el seu \u00fas en aquest website aix\u00ed com en entorn de l&#8217;organitzaci\u00f3, d&#8217;acord amb el nou Reglament de Protecci\u00f3 de Dades (d&#8217;ara endavant \u201cRGPD\u201d) [&hellip;]<\/p>\n","protected":false},"author":1,"featured_media":0,"parent":0,"menu_order":0,"comment_status":"closed","ping_status":"closed","template":"","meta":{"site-sidebar-layout":"no-sidebar","site-content-layout":"","ast-site-content-layout":"default","site-content-style":"default","site-sidebar-style":"default","ast-global-header-display":"","ast-banner-title-visibility":"","ast-main-header-display":"","ast-hfb-above-header-display":"","ast-hfb-below-header-display":"","ast-hfb-mobile-header-display":"","site-post-title":"disabled","ast-breadcrumbs-content":"","ast-featured-img":"disabled","footer-sml-layout":"","ast-disable-related-posts":"","theme-transparent-header-meta":"","adv-header-id-meta":"","stick-header-meta":"","header-above-stick-meta":"","header-main-stick-meta":"","header-below-stick-meta":"","astra-migrate-meta-layouts":"default","ast-page-background-enabled":"default","ast-page-background-meta":{"desktop":{"background-color":"var(--ast-global-color-4)","background-image":"","background-repeat":"repeat","background-position":"center center","background-size":"auto","background-attachment":"scroll","background-type":"","background-media":"","overlay-type":"","overlay-color":"","overlay-opacity":"","overlay-gradient":""},"tablet":{"background-color":"","background-image":"","background-repeat":"repeat","background-position":"center center","background-size":"auto","background-attachment":"scroll","background-type":"","background-media":"","overlay-type":"","overlay-color":"","overlay-opacity":"","overlay-gradient":""},"mobile":{"background-color":"","background-image":"","background-repeat":"repeat","background-position":"center center","background-size":"auto","background-attachment":"scroll","background-type":"","background-media":"","overlay-type":"","overlay-color":"","overlay-opacity":"","overlay-gradient":""}},"ast-content-background-meta":{"desktop":{"background-color":"var(--ast-global-color-5)","background-image":"","background-repeat":"repeat","background-position":"center center","background-size":"auto","background-attachment":"scroll","background-type":"","background-media":"","overlay-type":"","overlay-color":"","overlay-opacity":"","overlay-gradient":""},"tablet":{"background-color":"var(--ast-global-color-5)","background-image":"","background-repeat":"repeat","background-position":"center center","background-size":"auto","background-attachment":"scroll","background-type":"","background-media":"","overlay-type":"","overlay-color":"","overlay-opacity":"","overlay-gradient":""},"mobile":{"background-color":"var(--ast-global-color-5)","background-image":"","background-repeat":"repeat","background-position":"center center","background-size":"auto","background-attachment":"scroll","background-type":"","background-media":"","overlay-type":"","overlay-color":"","overlay-opacity":"","overlay-gradient":""}},"footnotes":""},"class_list":["post-364","page","type-page","status-publish","hentry"],"_links":{"self":[{"href":"https:\/\/fireconnect.cat\/ca\/wp-json\/wp\/v2\/pages\/364","targetHints":{"allow":["GET"]}}],"collection":[{"href":"https:\/\/fireconnect.cat\/ca\/wp-json\/wp\/v2\/pages"}],"about":[{"href":"https:\/\/fireconnect.cat\/ca\/wp-json\/wp\/v2\/types\/page"}],"author":[{"embeddable":true,"href":"https:\/\/fireconnect.cat\/ca\/wp-json\/wp\/v2\/users\/1"}],"replies":[{"embeddable":true,"href":"https:\/\/fireconnect.cat\/ca\/wp-json\/wp\/v2\/comments?post=364"}],"version-history":[{"count":1,"href":"https:\/\/fireconnect.cat\/ca\/wp-json\/wp\/v2\/pages\/364\/revisions"}],"predecessor-version":[{"id":365,"href":"https:\/\/fireconnect.cat\/ca\/wp-json\/wp\/v2\/pages\/364\/revisions\/365"}],"wp:attachment":[{"href":"https:\/\/fireconnect.cat\/ca\/wp-json\/wp\/v2\/media?parent=364"}],"curies":[{"name":"wp","href":"https:\/\/api.w.org\/{rel}","templated":true}]}}